{"id":8050,"date":"2025-07-14T04:54:37","date_gmt":"2025-07-14T04:54:37","guid":{"rendered":"http:\/\/krabiviptour.com\/krabi-tour-packages\/"},"modified":"2025-07-14T08:59:06","modified_gmt":"2025-07-14T08:59:06","slug":"krabi-tour-packages","status":"publish","type":"page","link":"https:\/\/krabiviptour.com\/es\/krabi-tour-packages\/","title":{"rendered":"KRABI TOUR PACKAGES"},"content":{"rendered":"<p>[vc_row equal_height=\u00bbyes\u00bb content_placement=\u00bbmiddle\u00bb type=\u00bbvc_default\u00bb margin_top=\u00bb-50&#8243; anchor=\u00bbabout\u00bb css=\u00bb.vc_custom_1525881355343{padding-top: 90px !important;padding-bottom: 20px !important;}\u00bb el_id=\u00bbabout\u00bb][vc_column]<div id=\"ultimate-heading-84269f5b8c1b739b\" class=\"uvc-heading ult-adjust-bottom-margin ultimate-heading-84269f5b8c1b739b uvc-8573 \" data-hspacer=\"no_spacer\"  data-halign=\"center\" style=\"text-align:center\"><div class=\"uvc-heading-spacer no_spacer\" style=\"top\"><\/div><div class=\"uvc-main-heading ult-responsive\"  data-ultimate-target='.uvc-heading.ultimate-heading-84269f5b8c1b739b h1'  data-responsive-json-new='{\"font-size\":\"\",\"line-height\":\"\"}' ><h1 style=\"font-weight:normal;\">Paquetes de Tours en Krabi \u2013 Descubre el Para\u00edso Tailand\u00e9s<\/h1><\/div><\/div>[vc_column_text css=\u00bb.vc_custom_1752464455190{padding-bottom: 40px !important;}\u00bb]<\/p>\n<h2 style=\"text-align: center;\" data-start=\"3081\" data-end=\"3154\"><strong data-start=\"3084\" data-end=\"3154\">Paquetes de Tours en Krabi \u2013 Grupos Peque\u00f1os, Grandes Experiencias<\/strong><\/h2>\n<p>&nbsp;<\/p>\n<h4 data-start=\"3156\" data-end=\"3318\">Nuestros <strong data-start=\"3165\" data-end=\"3195\">paquetes de tours en Krabi<\/strong> est\u00e1n dise\u00f1ados para ofrecerte una experiencia aut\u00e9ntica y c\u00f3moda. M\u00e1ximo 12 personas por grupo, sin multitudes ni prisas.<\/h4>\n<p>&nbsp;<\/p>\n<h4 data-start=\"3320\" data-end=\"3527\">Cada <strong data-start=\"3325\" data-end=\"3342\">tour en Krabi<\/strong> incluye recogida en el hotel, gu\u00eda profesional e itinerarios que combinan los lugares m\u00e1s famosos con rincones ocultos. Naturaleza, mar, cultura y gastronom\u00eda, todo en un solo paquete.<\/h4>\n<p>&nbsp;<\/p>\n<h2 style=\"text-align: center;\" data-start=\"3534\" data-end=\"3607\"><strong data-start=\"3537\" data-end=\"3607\">Paquetes Vacacionales en Krabi \u2013 Todo Incluido, Sin Preocupaciones<\/strong><\/h2>\n<p>&nbsp;<\/p>\n<h4 data-start=\"3609\" data-end=\"3729\">Con nuestros <strong data-start=\"3622\" data-end=\"3656\">paquetes vacacionales en Krabi<\/strong>, tendr\u00e1s todo organizado: alojamiento, traslados, excursiones y comidas.<\/h4>\n<p>&nbsp;<\/p>\n<h4 data-start=\"3731\" data-end=\"3743\">Elige entre:<\/h4>\n<p>&nbsp;<\/p>\n<ul data-start=\"3744\" data-end=\"3838\">\n<li data-start=\"3744\" data-end=\"3767\">\n<h4 data-start=\"3746\" data-end=\"3767\">Escapadas de 3 d\u00edas<\/h4>\n<\/li>\n<li data-start=\"3768\" data-end=\"3791\">\n<h4 data-start=\"3770\" data-end=\"3791\">Excursiones a islas<\/h4>\n<\/li>\n<li data-start=\"3792\" data-end=\"3815\">\n<h4 data-start=\"3794\" data-end=\"3815\">Opciones familiares<\/h4>\n<\/li>\n<li data-start=\"3816\" data-end=\"3838\">\n<h4 data-start=\"3818\" data-end=\"3838\">Escapadas rom\u00e1nticas<\/h4>\n<\/li>\n<\/ul>\n<p>&nbsp;<\/p>\n<h4 data-start=\"3840\" data-end=\"3939\">Todos nuestros <strong data-start=\"3855\" data-end=\"3889\">paquetes vacacionales en Krabi<\/strong> salen desde Ao Nang y se adaptan a tus intereses.<\/h4>\n<p>&nbsp;<\/p>\n<h2 style=\"text-align: center;\" data-start=\"3946\" data-end=\"3982\"><strong data-start=\"3949\" data-end=\"3982\">Tours Personalizados en Krabi<\/strong><\/h2>\n<p>&nbsp;<\/p>\n<h4 data-start=\"3984\" data-end=\"4159\">Nuestros <strong data-start=\"3993\" data-end=\"4023\">paquetes de tours en Krabi<\/strong> ofrecen total flexibilidad. Puedes combinar snorkel, playas escondidas, cuevas y comida tailandesa aut\u00e9ntica en un itinerario a medida.<\/h4>\n<p>&nbsp;<\/p>\n<h4 data-start=\"4161\" data-end=\"4217\">Perfecto para parejas, grupos peque\u00f1os o viajeros solos.<\/h4>\n<p>&nbsp;<\/p>\n<h2 style=\"text-align: center;\" data-start=\"4224\" data-end=\"4277\"><strong data-start=\"4227\" data-end=\"4277\">Paquetes Todo Incluido y Luna de Miel en Krabi<\/strong><\/h2>\n<p>&nbsp;<\/p>\n<h4 data-start=\"4279\" data-end=\"4411\">\u00bfBuscas un viaje sin complicaciones? Nuestros <strong data-start=\"4325\" data-end=\"4360\">paquetes todo incluido en Krabi<\/strong> incluyen transporte, comidas, hotel y excursiones.<\/h4>\n<p>&nbsp;<\/p>\n<h4 data-start=\"4413\" data-end=\"4541\">\u00bfViaje rom\u00e1ntico? Elige un <strong data-start=\"4440\" data-end=\"4476\">paquete de luna de miel en Krabi<\/strong> con barco privado, cenas al atardecer y alojamientos exclusivos.<\/h4>\n<p>&nbsp;<\/p>\n<h2 style=\"text-align: center;\" data-start=\"4548\" data-end=\"4598\"><strong data-start=\"4551\" data-end=\"4598\">\u00bfPor qu\u00e9 elegirnos para tus tours en Krabi?<\/strong><\/h2>\n<p>&nbsp;<\/p>\n<ul data-start=\"4600\" data-end=\"4782\">\n<li data-start=\"4600\" data-end=\"4634\">\n<h4 data-start=\"4602\" data-end=\"4634\">\u2705 Grupos reducidos (m\u00e1ximo 12)<\/h4>\n<\/li>\n<li data-start=\"4635\" data-end=\"4661\">\n<h4 data-start=\"4637\" data-end=\"4661\">\u2705 Itinerarios a medida<\/h4>\n<\/li>\n<li data-start=\"4662\" data-end=\"4690\">\n<h4 data-start=\"4664\" data-end=\"4690\">\u2705 15 a\u00f1os de experiencia<\/h4>\n<\/li>\n<li data-start=\"4691\" data-end=\"4722\">\n<h4 data-start=\"4693\" data-end=\"4722\">\u2705 Gu\u00edas en espa\u00f1ol o ingl\u00e9s<\/h4>\n<\/li>\n<li data-start=\"4723\" data-end=\"4749\">\n<h4 data-start=\"4725\" data-end=\"4749\">\u2705 Salida desde Ao Nang<\/h4>\n<\/li>\n<li data-start=\"4750\" data-end=\"4782\">\n<h4 data-start=\"4752\" data-end=\"4782\">\u2705 Atenci\u00f3n local y profesional<\/h4>\n<\/li>\n<\/ul>\n<p>&nbsp;<\/p>\n<h2 style=\"text-align: center;\" data-start=\"4789\" data-end=\"4830\"><strong data-start=\"4792\" data-end=\"4830\">Reserva tu tour en Krabi hoy mismo<\/strong><\/h2>\n<p>&nbsp;<\/p>\n<h4 data-start=\"4832\" data-end=\"5001\">Explora nuestros <strong data-start=\"4849\" data-end=\"4879\">paquetes de tours en Krabi<\/strong> y vive unas vacaciones diferentes en el sur de Tailandia.<\/h4>\n<p>[\/vc_column_text][vc_single_image image=\u00bb2072&#8243; alignment=\u00bbcenter\u00bb][\/vc_column][\/vc_row][vc_row equal_height=\u00bbyes\u00bb bg_type=\u00bbimage\u00bb parallax_style=\u00bbvcpb-default\u00bb bg_image_new=\u00bbid^628|url^http:\/\/krabiviptour.com\/wp-content\/uploads\/2016\/02\/tr-005.jpg|caption^null|alt^null|title^tr-005|description^null\u00bb bg_image_repeat=\u00bbno-repeat\u00bb bg_img_attach=\u00bbfixed\u00bb bg_override=\u00bbfull\u00bb enable_overlay=\u00bbenable_overlay_value\u00bb overlay_color=\u00bbrgba(0,0,0,0.75)\u00bb type=\u00bbvc_default\u00bb css=\u00bb.vc_custom_1492767219064{padding-top: 90px !important;padding-bottom: 90px !important;}\u00bb el_id=\u00bbcontact\u00bb][vc_column offset=\u00bbvc_col-lg-6 vc_col-md-6&#8243;]<div id=\"ultimate-heading-642569f5b8c1b7583\" class=\"uvc-heading ult-adjust-bottom-margin ultimate-heading-642569f5b8c1b7583 uvc-6371 accent-subtitle-color\" data-hspacer=\"no_spacer\"  data-halign=\"left\" style=\"text-align:left\"><div class=\"uvc-heading-spacer no_spacer\" style=\"top\"><\/div><div class=\"uvc-main-heading ult-responsive\"  data-ultimate-target='.uvc-heading.ultimate-heading-642569f5b8c1b7583 h2'  data-responsive-json-new='{\"font-size\":\"desktop:50px;tablet_portrait:40px;\",\"line-height\":\"desktop:60px;tablet_portrait:50px;\"}' ><h2 style=\"font-weight:bold;color:#ffffff;margin-bottom:30px;\">RESERVA TU TOUR AHORA<\/h2><\/div><div class=\"uvc-sub-heading ult-responsive\"  data-ultimate-target='.uvc-heading.ultimate-heading-642569f5b8c1b7583 .uvc-sub-heading '  data-responsive-json-new='{\"font-size\":\"desktop:28px;\",\"line-height\":\"desktop:38px;\"}'  style=\"font-family:&#039;Roboto Slab&#039;;font-weight:700;color:#ffffff;margin-bottom:35px;\">Nuestros Tours son limitados y se recomienda reservar con anticipaci\u00f3n, \u00a1no espere hasta el \u00faltimo momento!<\/div><\/div>[vc_column_text css=\u00bb.vc_custom_1525882780916{padding-bottom: 50px !important;}\u00bb]Cont\u00e1ctenos ahora y solicite informaci\u00f3n sobre nuestros servicios y programas: nuestro equipo de atenci\u00f3n multiling\u00fce le responder\u00e1 en 24 horas. Krabi Vip Tour est\u00e1 a su disposici\u00f3n para presupuestos, ofertas y excursiones a medida para familias o grupos.[\/vc_column_text]<div id=\"ultimate-heading-196869f5b8c1b76f6\" class=\"uvc-heading ult-adjust-bottom-margin ultimate-heading-196869f5b8c1b76f6 uvc-6283 accent-title-color\" data-hspacer=\"no_spacer\"  data-halign=\"left\" style=\"text-align:left\"><div class=\"uvc-heading-spacer no_spacer\" style=\"top\"><\/div><div class=\"uvc-main-heading ult-responsive\"  data-ultimate-target='.uvc-heading.ultimate-heading-196869f5b8c1b76f6 h2'  data-responsive-json-new='{\"font-size\":\"desktop:22px;\",\"line-height\":\"desktop:32px;\"}' ><h2 style=\"font-weight:bold;\">Do you have any questions?<\/h2><\/div><\/div><div class=\"aio-icon-component  vc_custom_1525881568237  dt-phone style_2\"><div id=\"Info-box-wrap-5542\" class=\"aio-icon-box default-icon\" style=\"\"  ><div class=\"aio-icon-default\"><div class=\"ult-just-icon-wrapper  \"><div class=\"align-icon\" style=\"text-align:center;\">\n<div class=\"aio-icon none \"  style=\"color:#00c7dd;font-size:30px;display:inline-block;\">\n\t<i class=\"Defaults-phone\"><\/i>\n<\/div><\/div><\/div><\/div><div class=\"aio-icon-header\" ><h3 class=\"aio-icon-title ult-responsive\"  data-ultimate-target='#Info-box-wrap-5542 .aio-icon-title'  data-responsive-json-new='{\"font-size\":\"desktop:24px;\",\"line-height\":\"desktop:24px;\"}'  style=\"font-family:&#039;Open Sans&#039;;font-weight:700;color:#ffffff;\">+66 95-024-7444<\/h3><\/div> <!-- header --><\/div> <!-- aio-icon-box --><\/div> <!-- aio-icon-component --><div class=\"aio-icon-component  vc_custom_1525881883509   style_2\"><div id=\"Info-box-wrap-5390\" class=\"aio-icon-box default-icon\" style=\"\"  ><div class=\"aio-icon-default\"><div class=\"ult-just-icon-wrapper  \"><div class=\"align-icon\" style=\"text-align:center;\">\n<div class=\"aio-icon none \"  style=\"color:#00c7dd;font-size:30px;display:inline-block;\">\n\t<i class=\"Defaults-at\"><\/i>\n<\/div><\/div><\/div><\/div><div class=\"aio-icon-header\" ><h3 class=\"aio-icon-title ult-responsive\"  data-ultimate-target='#Info-box-wrap-5390 .aio-icon-title'  data-responsive-json-new='{\"font-size\":\"desktop:18px;\",\"line-height\":\"desktop:24px;\"}'  style=\"font-family:&#039;Open Sans&#039;;font-weight:700;color:#ffffff;\">info@krabiviptour.com<\/h3><\/div> <!-- header --><\/div> <!-- aio-icon-box --><\/div> <!-- aio-icon-component --><div class=\"aio-icon-component  vc_custom_1525881924246   style_2\"><div id=\"Info-box-wrap-9341\" class=\"aio-icon-box default-icon\" style=\"\"  ><div class=\"aio-icon-default\"><div class=\"ult-just-icon-wrapper  \"><div class=\"align-icon\" style=\"text-align:center;\">\n<div class=\"aio-icon none \"  style=\"color:#00c7dd;font-size:30px;display:inline-block;\">\n\t<i class=\"Defaults-facebook facebook-f\"><\/i>\n<\/div><\/div><\/div><\/div><div class=\"aio-icon-header\" ><a class=\"aio-icon-box-link\" href=\"https:\/\/www.facebook.com\/krabiviptour\/\" target=\"_blank\" rel=\"noopener\" ><h3 class=\"aio-icon-title ult-responsive\"  data-ultimate-target='#Info-box-wrap-9341 .aio-icon-title'  data-responsive-json-new='{\"font-size\":\"desktop:18px;\",\"line-height\":\"desktop:24px;\"}'  style=\"font-family:&#039;Open Sans&#039;;font-weight:700;color:#ffffff;\">https:\/\/www.facebook.com\/krabiviptour\/<\/h3><\/a><\/div> <!-- header --><\/div> <!-- aio-icon-box --><\/div> <!-- aio-icon-component --><div class=\"aio-icon-component  vc_custom_1525881961396   style_2\"><div id=\"Info-box-wrap-6792\" class=\"aio-icon-box default-icon\" style=\"\"  ><div class=\"aio-icon-default\"><div class=\"ult-just-icon-wrapper  \"><div class=\"align-icon\" style=\"text-align:center;\">\n<div class=\"aio-icon none \"  style=\"color:#00c7dd;font-size:30px;display:inline-block;\">\n\t<i class=\"Defaults-instagram\"><\/i>\n<\/div><\/div><\/div><\/div><div class=\"aio-icon-header\" ><h3 class=\"aio-icon-title ult-responsive\"  data-ultimate-target='#Info-box-wrap-6792 .aio-icon-title'  data-responsive-json-new='{\"font-size\":\"desktop:18px;\",\"line-height\":\"desktop:24px;\"}'  style=\"font-family:&#039;Open Sans&#039;;font-weight:700;color:#ffffff;\">#krabivip<\/h3><\/div> <!-- header --><\/div> <!-- aio-icon-box --><\/div> <!-- aio-icon-component -->[\/vc_column][vc_column offset=\u00bbvc_col-lg-6 vc_col-md-6&#8243;][vc_column_text css=\u00bb.vc_custom_1659641640353{padding-bottom: 35px !important;}\u00bb]<span style=\"color: #ffffff;\">Complia il modulo con i tuoi dati e scrivici la tua richiesta.<\/span><br \/>\n<span style=\"color: #ffffff;\">Ti risponderemo sulla tua email al pi\u00f9 presto possbile.<\/span><\/p>\n<div class=\"wpcf7 no-js\" id=\"wpcf7-f5-o1\" lang=\"it-IT\" dir=\"ltr\" data-wpcf7-id=\"5\">\n<div class=\"screen-reader-response\"><p role=\"status\" aria-live=\"polite\" aria-atomic=\"true\"><\/p> <ul><\/ul><\/div>\n<form action=\"\/es\/wp-json\/wp\/v2\/pages\/8050#wpcf7-f5-o1\" method=\"post\" class=\"wpcf7-form init\" aria-label=\"Modulo di contatto\" novalidate=\"novalidate\" data-status=\"init\">\n<fieldset class=\"hidden-fields-container\"><input type=\"hidden\" name=\"_wpcf7\" value=\"5\" \/><input type=\"hidden\" name=\"_wpcf7_version\" value=\"6.1.5\" \/><input type=\"hidden\" name=\"_wpcf7_locale\" value=\"it_IT\" \/><input type=\"hidden\" name=\"_wpcf7_unit_tag\" value=\"wpcf7-f5-o1\" \/><input type=\"hidden\" name=\"_wpcf7_container_post\" value=\"0\" \/><input type=\"hidden\" name=\"_wpcf7_posted_data_hash\" value=\"\" \/><input type=\"hidden\" name=\"_wpcf7_recaptcha_response\" value=\"\" \/>\n<\/fieldset>\n<p><label> Your Name (required)<br \/>\n<span class=\"wpcf7-form-control-wrap\" data-name=\"your-name\"><input size=\"40\" maxlength=\"400\" class=\"wpcf7-form-control wpcf7-text wpcf7-validates-as-required\" aria-required=\"true\" aria-invalid=\"false\" value=\"\" type=\"text\" name=\"your-name\" \/><\/span> <\/label>\n<\/p>\n<p><label> Your Email (required)<br \/>\n<span class=\"wpcf7-form-control-wrap\" data-name=\"your-email\"><input size=\"40\" maxlength=\"400\" class=\"wpcf7-form-control wpcf7-email wpcf7-validates-as-required wpcf7-text wpcf7-validates-as-email\" aria-required=\"true\" aria-invalid=\"false\" value=\"\" type=\"email\" name=\"your-email\" \/><\/span> <\/label>\n<\/p>\n<p><label> Subject<br \/>\n<span class=\"wpcf7-form-control-wrap\" data-name=\"your-subject\"><input size=\"40\" maxlength=\"400\" class=\"wpcf7-form-control wpcf7-text\" aria-invalid=\"false\" value=\"\" type=\"text\" name=\"your-subject\" \/><\/span> <\/label>\n<\/p>\n<p><label> Your Message<br \/>\n<span class=\"wpcf7-form-control-wrap\" data-name=\"your-message\"><textarea cols=\"40\" rows=\"10\" maxlength=\"2000\" class=\"wpcf7-form-control wpcf7-textarea\" aria-invalid=\"false\" name=\"your-message\"><\/textarea><\/span> <\/label>\n<\/p>\n<p><input class=\"wpcf7-form-control wpcf7-submit has-spinner\" type=\"submit\" value=\"Send\" \/>\n<\/p><p style=\"display: none !important;\" class=\"akismet-fields-container\" data-prefix=\"_wpcf7_ak_\"><label>&#916;<textarea name=\"_wpcf7_ak_hp_textarea\" cols=\"45\" rows=\"8\" maxlength=\"100\"><\/textarea><\/label><input type=\"hidden\" id=\"ak_js_1\" name=\"_wpcf7_ak_js\" value=\"79\"\/><script>document.getElementById( \"ak_js_1\" ).setAttribute( \"value\", ( new Date() ).getTime() );<\/script><\/p><div class=\"wpcf7-response-output\" aria-hidden=\"true\"><\/div>\n<\/form>\n<\/div>\n[\/vc_column_text][\/vc_column][\/vc_row]<\/p>\n","protected":false},"excerpt":{"rendered":"<p>[vc_row equal_height=\u00bbyes\u00bb content_placement=\u00bbmiddle\u00bb type=\u00bbvc_default\u00bb margin_top=\u00bb-50&#8243; anchor=\u00bbabout\u00bb css=\u00bb.vc_custom_1525881355343{padding-top: 90px !important;padding-bottom: 20px !important;}\u00bb el_id=\u00bbabout\u00bb][vc_column][vc_column_text css=\u00bb.vc_custom_1752464455190{padding-bottom: 40px !important;}\u00bb] Paquetes de Tours en Krabi \u2013 Grupos Peque\u00f1os, Grandes Experiencias &nbsp; Nuestros paquetes de tours en Krabi est\u00e1n dise\u00f1ados para ofrecerte una experiencia aut\u00e9ntica y c\u00f3moda. M\u00e1ximo 12 personas por grupo, sin multitudes ni prisas. &nbsp; Cada tour en Krabi&hellip;<\/p>\n","protected":false},"author":2,"featured_media":0,"parent":0,"menu_order":10,"comment_status":"closed","ping_status":"open","template":"template-microsite.php","meta":{"_monsterinsights_skip_tracking":false,"_monsterinsights_sitenote_active":false,"_monsterinsights_sitenote_note":"","_monsterinsights_sitenote_category":0},"class_list":["post-8050","page","type-page","status-publish","hentry","description-off"],"yoast_head":"<!-- This site is optimized with the Yoast SEO Premium plugin v27.2 (Yoast SEO v27.2) - https:\/\/yoast.com\/product\/yoast-seo-premium-wordpress\/ -->\n<title>KRABI TOUR PACKAGES - Paquetes de Tours en Krabi<\/title>\n<meta name=\"description\" content=\"Paquetes tours en Krabi con grupos reducidos, gu\u00edas expertos e itinerarios hechos a medida. Paquetes Vacacionales en Krabi.\" \/>\n<meta name=\"robots\" content=\"index, follow, max-snippet:-1, max-image-preview:large, max-video-preview:-1\" \/>\n<link rel=\"canonical\" href=\"https:\/\/krabiviptour.com\/es\/krabi-tour-packages\/\" \/>\n<meta property=\"og:locale\" content=\"es_ES\" \/>\n<meta property=\"og:type\" content=\"article\" \/>\n<meta property=\"og:title\" content=\"Krabi Vip Tours - Krabi Tour Packages - Paquetes de Tours en Krabi\" \/>\n<meta property=\"og:description\" content=\"Los tours privados en Krabi son ideales para familias, grupos de amigos o incluso parejas que deseen disfrutar de una excursi\u00f3n sin compartir el barco.\" \/>\n<meta property=\"og:url\" content=\"https:\/\/krabiviptour.com\/es\/krabi-tour-packages\/\" \/>\n<meta property=\"og:site_name\" content=\"Krabi Vip Tour\" \/>\n<meta property=\"article:modified_time\" content=\"2025-07-14T08:59:06+00:00\" \/>\n<meta property=\"og:image\" content=\"http:\/\/krabiviptour.com\/wp-content\/uploads\/2018\/05\/group_boat_1.jpg\" \/>\n<meta name=\"twitter:card\" content=\"summary_large_image\" \/>\n<meta name=\"twitter:title\" content=\"KRABI TOUR PACKAGES\" \/>\n<meta name=\"twitter:label1\" content=\"Tiempo de lectura\" \/>\n\t<meta name=\"twitter:data1\" content=\"3 minutos\" \/>\n<script type=\"application\/ld+json\" class=\"yoast-schema-graph\">{\"@context\":\"https:\/\/schema.org\",\"@graph\":[{\"@type\":\"WebPage\",\"@id\":\"https:\/\/krabiviptour.com\/es\/krabi-tour-packages\/\",\"url\":\"https:\/\/krabiviptour.com\/es\/krabi-tour-packages\/\",\"name\":\"KRABI TOUR PACKAGES - Paquetes de Tours en Krabi\",\"isPartOf\":{\"@id\":\"http:\/\/krabiviptour.com\/#website\"},\"datePublished\":\"2025-07-14T04:54:37+00:00\",\"dateModified\":\"2025-07-14T08:59:06+00:00\",\"description\":\"Paquetes tours en Krabi con grupos reducidos, gu\u00edas expertos e itinerarios hechos a medida. Paquetes Vacacionales en Krabi.\",\"breadcrumb\":{\"@id\":\"https:\/\/krabiviptour.com\/es\/krabi-tour-packages\/#breadcrumb\"},\"inLanguage\":\"es\",\"potentialAction\":[{\"@type\":\"ReadAction\",\"target\":[\"https:\/\/krabiviptour.com\/es\/krabi-tour-packages\/\"]}]},{\"@type\":\"BreadcrumbList\",\"@id\":\"https:\/\/krabiviptour.com\/es\/krabi-tour-packages\/#breadcrumb\",\"itemListElement\":[{\"@type\":\"ListItem\",\"position\":1,\"name\":\"Home\",\"item\":\"http:\/\/krabiviptour.com\/es\/\"},{\"@type\":\"ListItem\",\"position\":2,\"name\":\"KRABI TOUR PACKAGES\"}]},{\"@type\":\"WebSite\",\"@id\":\"http:\/\/krabiviptour.com\/#website\",\"url\":\"http:\/\/krabiviptour.com\/\",\"name\":\"Krabi Vip Tour\",\"description\":\"The best Tours in Thailand\",\"publisher\":{\"@id\":\"http:\/\/krabiviptour.com\/#organization\"},\"potentialAction\":[{\"@type\":\"SearchAction\",\"target\":{\"@type\":\"EntryPoint\",\"urlTemplate\":\"http:\/\/krabiviptour.com\/?s={search_term_string}\"},\"query-input\":{\"@type\":\"PropertyValueSpecification\",\"valueRequired\":true,\"valueName\":\"search_term_string\"}}],\"inLanguage\":\"es\"},{\"@type\":\"Organization\",\"@id\":\"http:\/\/krabiviptour.com\/#organization\",\"name\":\"Krabi VIP Tour\",\"url\":\"http:\/\/krabiviptour.com\/\",\"logo\":{\"@type\":\"ImageObject\",\"inLanguage\":\"es\",\"@id\":\"http:\/\/krabiviptour.com\/#\/schema\/logo\/image\/\",\"url\":\"http:\/\/krabiviptour.com\/wp-content\/uploads\/2022\/07\/Visiting-Railay-Beach-Krabi.jpg\",\"contentUrl\":\"http:\/\/krabiviptour.com\/wp-content\/uploads\/2022\/07\/Visiting-Railay-Beach-Krabi.jpg\",\"width\":1829,\"height\":1220,\"caption\":\"Krabi VIP Tour\"},\"image\":{\"@id\":\"http:\/\/krabiviptour.com\/#\/schema\/logo\/image\/\"}}]}<\/script>\n<!-- \/ Yoast SEO Premium plugin. -->","yoast_head_json":{"title":"KRABI TOUR PACKAGES - Paquetes de Tours en Krabi","description":"Paquetes tours en Krabi con grupos reducidos, gu\u00edas expertos e itinerarios hechos a medida. Paquetes Vacacionales en Krabi.","robots":{"index":"index","follow":"follow","max-snippet":"max-snippet:-1","max-image-preview":"max-image-preview:large","max-video-preview":"max-video-preview:-1"},"canonical":"https:\/\/krabiviptour.com\/es\/krabi-tour-packages\/","og_locale":"es_ES","og_type":"article","og_title":"Krabi Vip Tours - Krabi Tour Packages - Paquetes de Tours en Krabi","og_description":"Los tours privados en Krabi son ideales para familias, grupos de amigos o incluso parejas que deseen disfrutar de una excursi\u00f3n sin compartir el barco.","og_url":"https:\/\/krabiviptour.com\/es\/krabi-tour-packages\/","og_site_name":"Krabi Vip Tour","article_modified_time":"2025-07-14T08:59:06+00:00","og_image":[{"url":"http:\/\/krabiviptour.com\/wp-content\/uploads\/2018\/05\/group_boat_1.jpg","type":"","width":"","height":""}],"twitter_card":"summary_large_image","twitter_title":"KRABI TOUR PACKAGES","twitter_misc":{"Tiempo de lectura":"3 minutos"},"schema":{"@context":"https:\/\/schema.org","@graph":[{"@type":"WebPage","@id":"https:\/\/krabiviptour.com\/es\/krabi-tour-packages\/","url":"https:\/\/krabiviptour.com\/es\/krabi-tour-packages\/","name":"KRABI TOUR PACKAGES - Paquetes de Tours en Krabi","isPartOf":{"@id":"http:\/\/krabiviptour.com\/#website"},"datePublished":"2025-07-14T04:54:37+00:00","dateModified":"2025-07-14T08:59:06+00:00","description":"Paquetes tours en Krabi con grupos reducidos, gu\u00edas expertos e itinerarios hechos a medida. Paquetes Vacacionales en Krabi.","breadcrumb":{"@id":"https:\/\/krabiviptour.com\/es\/krabi-tour-packages\/#breadcrumb"},"inLanguage":"es","potentialAction":[{"@type":"ReadAction","target":["https:\/\/krabiviptour.com\/es\/krabi-tour-packages\/"]}]},{"@type":"BreadcrumbList","@id":"https:\/\/krabiviptour.com\/es\/krabi-tour-packages\/#breadcrumb","itemListElement":[{"@type":"ListItem","position":1,"name":"Home","item":"http:\/\/krabiviptour.com\/es\/"},{"@type":"ListItem","position":2,"name":"KRABI TOUR PACKAGES"}]},{"@type":"WebSite","@id":"http:\/\/krabiviptour.com\/#website","url":"http:\/\/krabiviptour.com\/","name":"Krabi Vip Tour","description":"The best Tours in Thailand","publisher":{"@id":"http:\/\/krabiviptour.com\/#organization"},"potentialAction":[{"@type":"SearchAction","target":{"@type":"EntryPoint","urlTemplate":"http:\/\/krabiviptour.com\/?s={search_term_string}"},"query-input":{"@type":"PropertyValueSpecification","valueRequired":true,"valueName":"search_term_string"}}],"inLanguage":"es"},{"@type":"Organization","@id":"http:\/\/krabiviptour.com\/#organization","name":"Krabi VIP Tour","url":"http:\/\/krabiviptour.com\/","logo":{"@type":"ImageObject","inLanguage":"es","@id":"http:\/\/krabiviptour.com\/#\/schema\/logo\/image\/","url":"http:\/\/krabiviptour.com\/wp-content\/uploads\/2022\/07\/Visiting-Railay-Beach-Krabi.jpg","contentUrl":"http:\/\/krabiviptour.com\/wp-content\/uploads\/2022\/07\/Visiting-Railay-Beach-Krabi.jpg","width":1829,"height":1220,"caption":"Krabi VIP Tour"},"image":{"@id":"http:\/\/krabiviptour.com\/#\/schema\/logo\/image\/"}}]}},"jetpack_sharing_enabled":true,"_links":{"self":[{"href":"https:\/\/krabiviptour.com\/es\/wp-json\/wp\/v2\/pages\/8050","targetHints":{"allow":["GET"]}}],"collection":[{"href":"https:\/\/krabiviptour.com\/es\/wp-json\/wp\/v2\/pages"}],"about":[{"href":"https:\/\/krabiviptour.com\/es\/wp-json\/wp\/v2\/types\/page"}],"author":[{"embeddable":true,"href":"https:\/\/krabiviptour.com\/es\/wp-json\/wp\/v2\/users\/2"}],"replies":[{"embeddable":true,"href":"https:\/\/krabiviptour.com\/es\/wp-json\/wp\/v2\/comments?post=8050"}],"version-history":[{"count":7,"href":"https:\/\/krabiviptour.com\/es\/wp-json\/wp\/v2\/pages\/8050\/revisions"}],"predecessor-version":[{"id":8072,"href":"https:\/\/krabiviptour.com\/es\/wp-json\/wp\/v2\/pages\/8050\/revisions\/8072"}],"wp:attachment":[{"href":"https:\/\/krabiviptour.com\/es\/wp-json\/wp\/v2\/media?parent=8050"}],"curies":[{"name":"wp","href":"https:\/\/api.w.org\/{rel}","templated":true}]}}