{"id":3747,"date":"2018-05-21T01:36:26","date_gmt":"2018-05-21T01:36:26","guid":{"rendered":"http:\/\/krabiviptour.com\/?page_id=3747"},"modified":"2018-09-28T21:57:12","modified_gmt":"2018-09-28T21:57:12","slug":"krabi-photo-gallery","status":"publish","type":"page","link":"http:\/\/krabiviptour.com\/fr\/krabi-photo-gallery\/","title":{"rendered":"Krabi Photo Gallery"},"content":{"rendered":"<p>[vc_row full_width=\u00a0\u00bbstretch_row\u00a0\u00bb content_placement=\u00a0\u00bbmiddle\u00a0\u00bb type=\u00a0\u00bbvc_default\u00a0\u00bb anchor=\u00a0\u00bbphoto-reports\u00a0\u00bb css=\u00a0\u00bb.vc_custom_1526682617853{padding-top: 90px !important;padding-bottom: 100px !important;}\u00a0\u00bb el_id=\u00a0\u00bbphotos\u00a0\u00bb][vc_column offset=\u00a0\u00bbvc_col-lg-offset-2 vc_col-lg-8 vc_col-md-offset-2 vc_col-md-8 vc_col-sm-offset-0&Prime; css=\u00a0\u00bb.vc_custom_1492538940617{padding-bottom: 70px !important;}\u00a0\u00bb]<div id=\"ultimate-heading-746869f08c0ceeee7\" class=\"uvc-heading ult-adjust-bottom-margin ultimate-heading-746869f08c0ceeee7 uvc-5387 accent-border-color accent-subtitle-color\" data-hspacer=\"no_spacer\"  data-halign=\"center\" style=\"text-align:center\"><div class=\"uvc-heading-spacer no_spacer\" style=\"top\"><\/div><div class=\"uvc-main-heading ult-responsive\"  data-ultimate-target='.uvc-heading.ultimate-heading-746869f08c0ceeee7 h2'  data-responsive-json-new='{\"font-size\":\"desktop:50px;tablet_portrait:40px;\",\"line-height\":\"desktop:60px;tablet_portrait:50px;\"}' ><h2 style=\"font-weight:bold;margin-bottom:30px;\">KRABI PHOTOS GALLERY<\/h2><\/div><div class=\"uvc-sub-heading ult-responsive\"  data-ultimate-target='.uvc-heading.ultimate-heading-746869f08c0ceeee7 .uvc-sub-heading '  data-responsive-json-new='{\"font-size\":\"desktop:28px;\",\"line-height\":\"desktop:38px;\"}'  style=\"font-family:&#039;Roboto Slab&#039;;font-weight:700;color:#ffffff;\">Voir les photos et vid\u00e9os des voyages pr\u00e9c\u00e9dents.<\/div><\/div>[\/vc_column][vc_column][vc_row_inner][vc_column_inner width=\u00a0\u00bb1\/3&Prime; css=\u00a0\u00bb.vc_custom_1492581301191{padding-bottom: 60px !important;}\u00a0\u00bb][vc_video link=\u00a0\u00bbhttps:\/\/youtu.be\/ujCgQhpBql8&Prime; align=\u00a0\u00bbcenter\u00a0\u00bb][\/vc_column_inner][vc_column_inner width=\u00a0\u00bb1\/3&Prime;][vc_video link=\u00a0\u00bbhttps:\/\/youtu.be\/IOwjNsMxt2o\u00a0\u00bb align=\u00a0\u00bbcenter\u00a0\u00bb][\/vc_column_inner][vc_column_inner width=\u00a0\u00bb1\/3&Prime;][vc_video link=\u00a0\u00bbhttps:\/\/youtu.be\/102E-9SExS8&Prime; align=\u00a0\u00bbcenter\u00a0\u00bb][\/vc_column_inner][\/vc_row_inner][vc_media_grid element_width=\u00a0\u00bb2&Prime; gap=\u00a0\u00bb3&Prime; item=\u00a0\u00bbmediaGrid_ScaleInWithIcon\u00a0\u00bb grid_id=\u00a0\u00bbvc_gid:1538171820643-f31997ca-ed50-0&Prime; include=\u00a0\u00bb3660,3656,3652,3648,3644,3640,3636,3632,3628,3624,3568,3572,3576,3580,3600,3604,3608,3612,3616,3620,3564,3560,3556,3552,3548,3544,3540,3536,3532,3528,3494,3134,2919,2914,2903,2888,2884,2880,2876,2872,2868,2856,2852,2848,2777,2773,2724,2720,2716,2659,2655,2651,2411,2377,2373,2353,2349,2345,2341,2337,2333,2329,2321,2317,2305,2301,2295,2264,2256,2244,2240,2236,2232,2202,2198,2194,2190,2186,2182,2165,2126,2122,2118,2052,2048,2044,2040,2036,2032,2028,2020,2016,2007,1995,1991,1987,1488,1474,1473,1471,1470,1469&Prime;][\/vc_column][\/vc_row][vc_row equal_height=\u00a0\u00bbyes\u00a0\u00bb bg_type=\u00a0\u00bbbg_color\u00a0\u00bb bg_override=\u00a0\u00bbfull\u00a0\u00bb type=\u00a0\u00bbvc_default\u00a0\u00bb css=\u00a0\u00bb.vc_custom_1526684702069{padding-top: 90px !important;padding-bottom: 90px !important;background-color: #404040 !important;}\u00a0\u00bb el_id=\u00a0\u00bbcontact\u00a0\u00bb bg_color_value=\u00a0\u00bb#404040&Prime;][vc_column offset=\u00a0\u00bbvc_col-lg-6 vc_col-md-6&Prime;]<div id=\"ultimate-heading-917469f08c0cef01d\" class=\"uvc-heading ult-adjust-bottom-margin ultimate-heading-917469f08c0cef01d uvc-27 accent-subtitle-color\" data-hspacer=\"no_spacer\"  data-halign=\"left\" style=\"text-align:left\"><div class=\"uvc-heading-spacer no_spacer\" style=\"top\"><\/div><div class=\"uvc-main-heading ult-responsive\"  data-ultimate-target='.uvc-heading.ultimate-heading-917469f08c0cef01d h2'  data-responsive-json-new='{\"font-size\":\"desktop:36px;tablet_portrait:40px;\",\"line-height\":\"desktop:46px;tablet_portrait:50px;\"}' ><h2 style=\"font-weight:bold;color:#ffffff;margin-bottom:10px;\">R\u00c9SERVEZ VOTRE TOUR MAINTENANT<\/h2><\/div><div class=\"uvc-sub-heading ult-responsive\"  data-ultimate-target='.uvc-heading.ultimate-heading-917469f08c0cef01d .uvc-sub-heading '  data-responsive-json-new='{\"font-size\":\"desktop:22px;\",\"line-height\":\"desktop:32px;\"}'  style=\"font-family:&#039;Roboto Slab&#039;;font-weight:700;color:#ffffff;margin-bottom:25px;\">Nos visites sont limit\u00e9es et une r\u00e9servation anticip\u00e9e est recommand\u00e9e, n&rsquo;attendez pas le dernier moment!<\/div><\/div>[vc_column_text]<span style=\"color: #ffffff;\">Contactez-nous maintenant et demandez des informations sur nos services et programmes: notre support multilingue r\u00e9pondra dans 24h. Krabi Vip Tour reste \u00e0 votre disposition pour des devis, des offres et des excursions sur mesure pour les familles ou les groupes.<br \/>\n<\/span>[\/vc_column_text]<div id=\"ultimate-heading-158669f08c0cef7c7\" class=\"uvc-heading ult-adjust-bottom-margin ultimate-heading-158669f08c0cef7c7 uvc-5868 accent-subtitle-color\" data-hspacer=\"no_spacer\"  data-halign=\"left\" style=\"text-align:left\"><div class=\"uvc-heading-spacer no_spacer\" style=\"top\"><\/div><div class=\"uvc-main-heading ult-responsive\"  data-ultimate-target='.uvc-heading.ultimate-heading-158669f08c0cef7c7 h2'  data-responsive-json-new='{\"font-size\":\"desktop:22px;\",\"line-height\":\"desktop:32px;\"}' ><h2 style=\"font-weight:bold;color:#ffffff;margin-bottom:25px;\">Avez-vous des questions?<\/h2><\/div><\/div><div class=\"aio-icon-component  vc_custom_1526866159844  dt-phone style_2\"><div id=\"Info-box-wrap-6378\" class=\"aio-icon-box default-icon\" style=\"\"  ><div class=\"aio-icon-default\"><div class=\"ult-just-icon-wrapper  \"><div class=\"align-icon\" style=\"text-align:center;\">\n<div class=\"aio-icon none \"  style=\"color:#00c7dd;font-size:30px;display:inline-block;\">\n\t<i class=\"Defaults-phone\"><\/i>\n<\/div><\/div><\/div><\/div><div class=\"aio-icon-header\" ><h3 class=\"aio-icon-title ult-responsive\"  data-ultimate-target='#Info-box-wrap-6378 .aio-icon-title'  data-responsive-json-new='{\"font-size\":\"desktop:24px;\",\"line-height\":\"desktop:24px;\"}'  style=\"font-family:&#039;Open Sans&#039;;font-weight:700;color:#ffffff;\">+66 95-024-7444<\/h3><\/div> <!-- header --><\/div> <!-- aio-icon-box --><\/div> <!-- aio-icon-component --><div class=\"aio-icon-component  vc_custom_1526866578283   style_2\"><div id=\"Info-box-wrap-2266\" class=\"aio-icon-box default-icon\" style=\"\"  ><div class=\"aio-icon-default\"><div class=\"ult-just-icon-wrapper  \"><div class=\"align-icon\" style=\"text-align:center;\">\n<div class=\"aio-icon none \"  style=\"color:#00c7dd;font-size:30px;display:inline-block;\">\n\t<i class=\"Defaults-at\"><\/i>\n<\/div><\/div><\/div><\/div><div class=\"aio-icon-header\" ><a class=\"aio-icon-box-link\" href=\"mailto:info@krabiviptour.com\" target=\"_blank\" rel=\"noopener\" ><h3 class=\"aio-icon-title ult-responsive\"  data-ultimate-target='#Info-box-wrap-2266 .aio-icon-title'  data-responsive-json-new='{\"font-size\":\"desktop:18px;\",\"line-height\":\"desktop:24px;\"}'  style=\"font-family:&#039;Open Sans&#039;;font-weight:700;color:#ffffff;\">info@krabiviptour.com<\/h3><\/a><\/div> <!-- header --><\/div> <!-- aio-icon-box --><\/div> <!-- aio-icon-component --><div class=\"aio-icon-component  vc_custom_1526866265168   style_2\"><div id=\"Info-box-wrap-8158\" class=\"aio-icon-box default-icon\" style=\"\"  ><div class=\"aio-icon-default\"><div class=\"ult-just-icon-wrapper  \"><div class=\"align-icon\" style=\"text-align:center;\">\n<div class=\"aio-icon none \"  style=\"color:#00c7dd;font-size:30px;display:inline-block;\">\n\t<i class=\"Defaults-facebook facebook-f\"><\/i>\n<\/div><\/div><\/div><\/div><div class=\"aio-icon-header\" ><a class=\"aio-icon-box-link\" href=\"https:\/\/www.facebook.com\/krabiviptour\/\" target=\"_blank\" rel=\"noopener\" ><h3 class=\"aio-icon-title ult-responsive\"  data-ultimate-target='#Info-box-wrap-8158 .aio-icon-title'  data-responsive-json-new='{\"font-size\":\"desktop:18px;\",\"line-height\":\"desktop:24px;\"}'  style=\"font-family:&#039;Open Sans&#039;;font-weight:700;color:#ffffff;\">https:\/\/www.facebook.com\/krabiviptour<\/h3><\/a><\/div> <!-- header --><\/div> <!-- aio-icon-box --><\/div> <!-- aio-icon-component --><div class=\"aio-icon-component  vc_custom_1526866325337   style_2\"><div id=\"Info-box-wrap-7988\" class=\"aio-icon-box default-icon\" style=\"\"  ><div class=\"aio-icon-default\"><div class=\"ult-just-icon-wrapper  \"><div class=\"align-icon\" style=\"text-align:center;\">\n<div class=\"aio-icon none \"  style=\"color:#00c7dd;font-size:30px;display:inline-block;\">\n\t<i class=\"Defaults-instagram\"><\/i>\n<\/div><\/div><\/div><\/div><div class=\"aio-icon-header\" ><h3 class=\"aio-icon-title ult-responsive\"  data-ultimate-target='#Info-box-wrap-7988 .aio-icon-title'  data-responsive-json-new='{\"font-size\":\"desktop:18px;\",\"line-height\":\"desktop:24px;\"}'  style=\"font-family:&#039;Open Sans&#039;;font-weight:700;color:#ffffff;\">#krabivip<\/h3><\/div> <!-- header --><\/div> <!-- aio-icon-box --><\/div> <!-- aio-icon-component -->[\/vc_column][vc_column offset=\u00a0\u00bbvc_col-lg-6 vc_col-md-6&Prime;][vc_column_text css=\u00a0\u00bb.vc_custom_1538171829762{padding-bottom: 35px !important;}\u00a0\u00bb][si-contact-form form=&rsquo;4&prime;][\/vc_column_text][\/vc_column][\/vc_row]<\/p>\n","protected":false},"excerpt":{"rendered":"<p>[vc_row full_width=\u00a0\u00bbstretch_row\u00a0\u00bb content_placement=\u00a0\u00bbmiddle\u00a0\u00bb type=\u00a0\u00bbvc_default\u00a0\u00bb anchor=\u00a0\u00bbphoto-reports\u00a0\u00bb css=\u00a0\u00bb.vc_custom_1526682617853{padding-top: 90px !important;padding-bottom: 100px !important;}\u00a0\u00bb el_id=\u00a0\u00bbphotos\u00a0\u00bb][vc_column offset=\u00a0\u00bbvc_col-lg-offset-2 vc_col-lg-8 vc_col-md-offset-2 vc_col-md-8 vc_col-sm-offset-0&Prime; css=\u00a0\u00bb.vc_custom_1492538940617{padding-bottom: 70px !important;}\u00a0\u00bb][\/vc_column][vc_column][vc_row_inner][vc_column_inner width=\u00a0\u00bb1\/3&Prime; css=\u00a0\u00bb.vc_custom_1492581301191{padding-bottom: 60px !important;}\u00a0\u00bb][vc_video link=\u00a0\u00bbhttps:\/\/youtu.be\/ujCgQhpBql8&Prime; align=\u00a0\u00bbcenter\u00a0\u00bb][\/vc_column_inner][vc_column_inner width=\u00a0\u00bb1\/3&Prime;][vc_video link=\u00a0\u00bbhttps:\/\/youtu.be\/IOwjNsMxt2o\u00a0\u00bb align=\u00a0\u00bbcenter\u00a0\u00bb][\/vc_column_inner][vc_column_inner width=\u00a0\u00bb1\/3&Prime;][vc_video link=\u00a0\u00bbhttps:\/\/youtu.be\/102E-9SExS8&Prime; align=\u00a0\u00bbcenter\u00a0\u00bb][\/vc_column_inner][\/vc_row_inner][vc_media_grid element_width=\u00a0\u00bb2&Prime; gap=\u00a0\u00bb3&Prime; item=\u00a0\u00bbmediaGrid_ScaleInWithIcon\u00a0\u00bb grid_id=\u00a0\u00bbvc_gid:1538171820643-f31997ca-ed50-0&Prime; include=\u00a0\u00bb3660,3656,3652,3648,3644,3640,3636,3632,3628,3624,3568,3572,3576,3580,3600,3604,3608,3612,3616,3620,3564,3560,3556,3552,3548,3544,3540,3536,3532,3528,3494,3134,2919,2914,2903,2888,2884,2880,2876,2872,2868,2856,2852,2848,2777,2773,2724,2720,2716,2659,2655,2651,2411,2377,2373,2353,2349,2345,2341,2337,2333,2329,2321,2317,2305,2301,2295,2264,2256,2244,2240,2236,2232,2202,2198,2194,2190,2186,2182,2165,2126,2122,2118,2052,2048,2044,2040,2036,2032,2028,2020,2016,2007,1995,1991,1987,1488,1474,1473,1471,1470,1469&Prime;][\/vc_column][\/vc_row][vc_row equal_height=\u00a0\u00bbyes\u00a0\u00bb bg_type=\u00a0\u00bbbg_color\u00a0\u00bb bg_override=\u00a0\u00bbfull\u00a0\u00bb type=\u00a0\u00bbvc_default\u00a0\u00bb css=\u00a0\u00bb.vc_custom_1526684702069{padding-top: 90px !important;padding-bottom: 90px !important;background-color: #404040 !important;}\u00a0\u00bb el_id=\u00a0\u00bbcontact\u00a0\u00bb bg_color_value=\u00a0\u00bb#404040&Prime;][vc_column offset=\u00a0\u00bbvc_col-lg-6 vc_col-md-6&Prime;][vc_column_text]Contactez-nous maintenant et demandez des&hellip;<\/p>\n","protected":false},"author":2,"featured_media":0,"parent":0,"menu_order":10,"comment_status":"closed","ping_status":"open","template":"template-microsite.php","meta":{"_monsterinsights_skip_tracking":false,"_monsterinsights_sitenote_active":false,"_monsterinsights_sitenote_note":"","_monsterinsights_sitenote_category":0},"class_list":["post-3747","page","type-page","status-publish","hentry","description-off"],"yoast_head":"<!-- This site is optimized with the Yoast SEO Premium plugin v27.2 (Yoast SEO v27.2) - https:\/\/yoast.com\/product\/yoast-seo-premium-wordpress\/ -->\n<title>Krabi Photo Gallery - Krabi Vip Tour<\/title>\n<meta name=\"robots\" content=\"index, follow, max-snippet:-1, max-image-preview:large, max-video-preview:-1\" \/>\n<link rel=\"canonical\" href=\"http:\/\/krabiviptour.com\/fr\/krabi-photo-gallery\/\" \/>\n<meta property=\"og:locale\" content=\"fr_FR\" \/>\n<meta property=\"og:type\" content=\"article\" \/>\n<meta property=\"og:title\" content=\"Krabi Photo Gallery\" \/>\n<meta property=\"og:description\" content=\"[vc_row full_width=\u00a0\u00bbstretch_row\u00a0\u00bb content_placement=\u00a0\u00bbmiddle\u00a0\u00bb type=\u00a0\u00bbvc_default\u00a0\u00bb anchor=\u00a0\u00bbphoto-reports\u00a0\u00bb css=\u00a0\u00bb.vc_custom_1526682617853{padding-top: 90px !important;padding-bottom: 100px !important;}\u00a0\u00bb el_id=\u00a0\u00bbphotos\u00a0\u00bb][vc_column offset=\u00a0\u00bbvc_col-lg-offset-2 vc_col-lg-8 vc_col-md-offset-2 vc_col-md-8 vc_col-sm-offset-0&Prime; css=\u00a0\u00bb.vc_custom_1492538940617{padding-bottom: 70px !important;}\u00a0\u00bb][\/vc_column][vc_column][vc_row_inner][vc_column_inner width=\u00a0\u00bb1\/3&Prime; css=\u00a0\u00bb.vc_custom_1492581301191{padding-bottom: 60px !important;}\u00a0\u00bb][vc_video link=\u00a0\u00bbhttps:\/\/youtu.be\/ujCgQhpBql8&Prime; align=\u00a0\u00bbcenter\u00a0\u00bb][\/vc_column_inner][vc_column_inner width=\u00a0\u00bb1\/3&Prime;][vc_video link=\u00a0\u00bbhttps:\/\/youtu.be\/IOwjNsMxt2o\u00a0\u00bb align=\u00a0\u00bbcenter\u00a0\u00bb][\/vc_column_inner][vc_column_inner width=\u00a0\u00bb1\/3&Prime;][vc_video link=\u00a0\u00bbhttps:\/\/youtu.be\/102E-9SExS8&Prime; align=\u00a0\u00bbcenter\u00a0\u00bb][\/vc_column_inner][\/vc_row_inner][vc_media_grid element_width=\u00a0\u00bb2&Prime; gap=\u00a0\u00bb3&Prime; item=\u00a0\u00bbmediaGrid_ScaleInWithIcon\u00a0\u00bb grid_id=\u00a0\u00bbvc_gid:1538171820643-f31997ca-ed50-0&Prime; include=\u00a0\u00bb3660,3656,3652,3648,3644,3640,3636,3632,3628,3624,3568,3572,3576,3580,3600,3604,3608,3612,3616,3620,3564,3560,3556,3552,3548,3544,3540,3536,3532,3528,3494,3134,2919,2914,2903,2888,2884,2880,2876,2872,2868,2856,2852,2848,2777,2773,2724,2720,2716,2659,2655,2651,2411,2377,2373,2353,2349,2345,2341,2337,2333,2329,2321,2317,2305,2301,2295,2264,2256,2244,2240,2236,2232,2202,2198,2194,2190,2186,2182,2165,2126,2122,2118,2052,2048,2044,2040,2036,2032,2028,2020,2016,2007,1995,1991,1987,1488,1474,1473,1471,1470,1469&Prime;][\/vc_column][\/vc_row][vc_row equal_height=\u00a0\u00bbyes\u00a0\u00bb bg_type=\u00a0\u00bbbg_color\u00a0\u00bb bg_override=\u00a0\u00bbfull\u00a0\u00bb type=\u00a0\u00bbvc_default\u00a0\u00bb css=\u00a0\u00bb.vc_custom_1526684702069{padding-top: 90px !important;padding-bottom: 90px !important;background-color: #404040 !important;}\u00a0\u00bb el_id=\u00a0\u00bbcontact\u00a0\u00bb bg_color_value=\u00a0\u00bb#404040&Prime;][vc_column offset=\u00a0\u00bbvc_col-lg-6 vc_col-md-6&Prime;][vc_column_text]Contactez-nous maintenant et demandez des&hellip;\" \/>\n<meta property=\"og:url\" content=\"http:\/\/krabiviptour.com\/fr\/krabi-photo-gallery\/\" \/>\n<meta property=\"og:site_name\" content=\"Krabi Vip Tour\" \/>\n<meta property=\"article:modified_time\" content=\"2018-09-28T21:57:12+00:00\" \/>\n<meta property=\"og:image\" content=\"http:\/\/krabiviptour.com\/wp-content\/uploads\/2018\/04\/IMG_1108-2.jpg\" \/>\n\t<meta property=\"og:image:width\" content=\"1200\" \/>\n\t<meta property=\"og:image:height\" content=\"800\" \/>\n\t<meta property=\"og:image:type\" content=\"image\/jpeg\" \/>\n<meta name=\"twitter:card\" content=\"summary_large_image\" \/>\n<meta name=\"twitter:label1\" content=\"Dur\u00e9e de lecture estim\u00e9e\" \/>\n\t<meta name=\"twitter:data1\" content=\"4 minutes\" \/>\n<script type=\"application\/ld+json\" class=\"yoast-schema-graph\">{\"@context\":\"https:\/\/schema.org\",\"@graph\":[{\"@type\":\"WebPage\",\"@id\":\"http:\/\/krabiviptour.com\/fr\/krabi-photo-gallery\/\",\"url\":\"http:\/\/krabiviptour.com\/fr\/krabi-photo-gallery\/\",\"name\":\"Krabi Photo Gallery - Krabi Vip Tour\",\"isPartOf\":{\"@id\":\"http:\/\/krabiviptour.com\/th\/#website\"},\"datePublished\":\"2018-05-21T01:36:26+00:00\",\"dateModified\":\"2018-09-28T21:57:12+00:00\",\"breadcrumb\":{\"@id\":\"http:\/\/krabiviptour.com\/fr\/krabi-photo-gallery\/#breadcrumb\"},\"inLanguage\":\"fr-FR\",\"potentialAction\":[{\"@type\":\"ReadAction\",\"target\":[\"http:\/\/krabiviptour.com\/fr\/krabi-photo-gallery\/\"]}]},{\"@type\":\"BreadcrumbList\",\"@id\":\"http:\/\/krabiviptour.com\/fr\/krabi-photo-gallery\/#breadcrumb\",\"itemListElement\":[{\"@type\":\"ListItem\",\"position\":1,\"name\":\"Home\",\"item\":\"https:\/\/krabiviptour.com\/fr\/\"},{\"@type\":\"ListItem\",\"position\":2,\"name\":\"Krabi Photo Gallery\"}]},{\"@type\":\"WebSite\",\"@id\":\"http:\/\/krabiviptour.com\/th\/#website\",\"url\":\"http:\/\/krabiviptour.com\/th\/\",\"name\":\"Krabi Vip Tour\",\"description\":\"The best Tours in Thailand\",\"publisher\":{\"@id\":\"http:\/\/krabiviptour.com\/th\/#organization\"},\"potentialAction\":[{\"@type\":\"SearchAction\",\"target\":{\"@type\":\"EntryPoint\",\"urlTemplate\":\"http:\/\/krabiviptour.com\/th\/?s={search_term_string}\"},\"query-input\":{\"@type\":\"PropertyValueSpecification\",\"valueRequired\":true,\"valueName\":\"search_term_string\"}}],\"inLanguage\":\"fr-FR\"},{\"@type\":\"Organization\",\"@id\":\"http:\/\/krabiviptour.com\/th\/#organization\",\"name\":\"Krabi VIP Tour\",\"url\":\"http:\/\/krabiviptour.com\/th\/\",\"logo\":{\"@type\":\"ImageObject\",\"inLanguage\":\"fr-FR\",\"@id\":\"http:\/\/krabiviptour.com\/th\/#\/schema\/logo\/image\/\",\"url\":\"http:\/\/krabiviptour.com\/wp-content\/uploads\/2022\/07\/Visiting-Railay-Beach-Krabi.jpg\",\"contentUrl\":\"http:\/\/krabiviptour.com\/wp-content\/uploads\/2022\/07\/Visiting-Railay-Beach-Krabi.jpg\",\"width\":1829,\"height\":1220,\"caption\":\"Krabi VIP Tour\"},\"image\":{\"@id\":\"http:\/\/krabiviptour.com\/th\/#\/schema\/logo\/image\/\"}}]}<\/script>\n<!-- \/ Yoast SEO Premium plugin. -->","yoast_head_json":{"title":"Krabi Photo Gallery - Krabi Vip Tour","robots":{"index":"index","follow":"follow","max-snippet":"max-snippet:-1","max-image-preview":"max-image-preview:large","max-video-preview":"max-video-preview:-1"},"canonical":"http:\/\/krabiviptour.com\/fr\/krabi-photo-gallery\/","og_locale":"fr_FR","og_type":"article","og_title":"Krabi Photo Gallery","og_description":"[vc_row full_width=\u00a0\u00bbstretch_row\u00a0\u00bb content_placement=\u00a0\u00bbmiddle\u00a0\u00bb type=\u00a0\u00bbvc_default\u00a0\u00bb anchor=\u00a0\u00bbphoto-reports\u00a0\u00bb css=\u00a0\u00bb.vc_custom_1526682617853{padding-top: 90px !important;padding-bottom: 100px !important;}\u00a0\u00bb el_id=\u00a0\u00bbphotos\u00a0\u00bb][vc_column offset=\u00a0\u00bbvc_col-lg-offset-2 vc_col-lg-8 vc_col-md-offset-2 vc_col-md-8 vc_col-sm-offset-0&Prime; css=\u00a0\u00bb.vc_custom_1492538940617{padding-bottom: 70px !important;}\u00a0\u00bb][\/vc_column][vc_column][vc_row_inner][vc_column_inner width=\u00a0\u00bb1\/3&Prime; css=\u00a0\u00bb.vc_custom_1492581301191{padding-bottom: 60px !important;}\u00a0\u00bb][vc_video link=\u00a0\u00bbhttps:\/\/youtu.be\/ujCgQhpBql8&Prime; align=\u00a0\u00bbcenter\u00a0\u00bb][\/vc_column_inner][vc_column_inner width=\u00a0\u00bb1\/3&Prime;][vc_video link=\u00a0\u00bbhttps:\/\/youtu.be\/IOwjNsMxt2o\u00a0\u00bb align=\u00a0\u00bbcenter\u00a0\u00bb][\/vc_column_inner][vc_column_inner width=\u00a0\u00bb1\/3&Prime;][vc_video link=\u00a0\u00bbhttps:\/\/youtu.be\/102E-9SExS8&Prime; align=\u00a0\u00bbcenter\u00a0\u00bb][\/vc_column_inner][\/vc_row_inner][vc_media_grid element_width=\u00a0\u00bb2&Prime; gap=\u00a0\u00bb3&Prime; item=\u00a0\u00bbmediaGrid_ScaleInWithIcon\u00a0\u00bb grid_id=\u00a0\u00bbvc_gid:1538171820643-f31997ca-ed50-0&Prime; include=\u00a0\u00bb3660,3656,3652,3648,3644,3640,3636,3632,3628,3624,3568,3572,3576,3580,3600,3604,3608,3612,3616,3620,3564,3560,3556,3552,3548,3544,3540,3536,3532,3528,3494,3134,2919,2914,2903,2888,2884,2880,2876,2872,2868,2856,2852,2848,2777,2773,2724,2720,2716,2659,2655,2651,2411,2377,2373,2353,2349,2345,2341,2337,2333,2329,2321,2317,2305,2301,2295,2264,2256,2244,2240,2236,2232,2202,2198,2194,2190,2186,2182,2165,2126,2122,2118,2052,2048,2044,2040,2036,2032,2028,2020,2016,2007,1995,1991,1987,1488,1474,1473,1471,1470,1469&Prime;][\/vc_column][\/vc_row][vc_row equal_height=\u00a0\u00bbyes\u00a0\u00bb bg_type=\u00a0\u00bbbg_color\u00a0\u00bb bg_override=\u00a0\u00bbfull\u00a0\u00bb type=\u00a0\u00bbvc_default\u00a0\u00bb css=\u00a0\u00bb.vc_custom_1526684702069{padding-top: 90px !important;padding-bottom: 90px !important;background-color: #404040 !important;}\u00a0\u00bb el_id=\u00a0\u00bbcontact\u00a0\u00bb bg_color_value=\u00a0\u00bb#404040&Prime;][vc_column offset=\u00a0\u00bbvc_col-lg-6 vc_col-md-6&Prime;][vc_column_text]Contactez-nous maintenant et demandez des&hellip;","og_url":"http:\/\/krabiviptour.com\/fr\/krabi-photo-gallery\/","og_site_name":"Krabi Vip Tour","article_modified_time":"2018-09-28T21:57:12+00:00","og_image":[{"width":1200,"height":800,"url":"http:\/\/krabiviptour.com\/wp-content\/uploads\/2018\/04\/IMG_1108-2.jpg","type":"image\/jpeg"}],"twitter_card":"summary_large_image","twitter_misc":{"Dur\u00e9e de lecture estim\u00e9e":"4 minutes"},"schema":{"@context":"https:\/\/schema.org","@graph":[{"@type":"WebPage","@id":"http:\/\/krabiviptour.com\/fr\/krabi-photo-gallery\/","url":"http:\/\/krabiviptour.com\/fr\/krabi-photo-gallery\/","name":"Krabi Photo Gallery - Krabi Vip Tour","isPartOf":{"@id":"http:\/\/krabiviptour.com\/th\/#website"},"datePublished":"2018-05-21T01:36:26+00:00","dateModified":"2018-09-28T21:57:12+00:00","breadcrumb":{"@id":"http:\/\/krabiviptour.com\/fr\/krabi-photo-gallery\/#breadcrumb"},"inLanguage":"fr-FR","potentialAction":[{"@type":"ReadAction","target":["http:\/\/krabiviptour.com\/fr\/krabi-photo-gallery\/"]}]},{"@type":"BreadcrumbList","@id":"http:\/\/krabiviptour.com\/fr\/krabi-photo-gallery\/#breadcrumb","itemListElement":[{"@type":"ListItem","position":1,"name":"Home","item":"https:\/\/krabiviptour.com\/fr\/"},{"@type":"ListItem","position":2,"name":"Krabi Photo Gallery"}]},{"@type":"WebSite","@id":"http:\/\/krabiviptour.com\/th\/#website","url":"http:\/\/krabiviptour.com\/th\/","name":"Krabi Vip Tour","description":"The best Tours in Thailand","publisher":{"@id":"http:\/\/krabiviptour.com\/th\/#organization"},"potentialAction":[{"@type":"SearchAction","target":{"@type":"EntryPoint","urlTemplate":"http:\/\/krabiviptour.com\/th\/?s={search_term_string}"},"query-input":{"@type":"PropertyValueSpecification","valueRequired":true,"valueName":"search_term_string"}}],"inLanguage":"fr-FR"},{"@type":"Organization","@id":"http:\/\/krabiviptour.com\/th\/#organization","name":"Krabi VIP Tour","url":"http:\/\/krabiviptour.com\/th\/","logo":{"@type":"ImageObject","inLanguage":"fr-FR","@id":"http:\/\/krabiviptour.com\/th\/#\/schema\/logo\/image\/","url":"http:\/\/krabiviptour.com\/wp-content\/uploads\/2022\/07\/Visiting-Railay-Beach-Krabi.jpg","contentUrl":"http:\/\/krabiviptour.com\/wp-content\/uploads\/2022\/07\/Visiting-Railay-Beach-Krabi.jpg","width":1829,"height":1220,"caption":"Krabi VIP Tour"},"image":{"@id":"http:\/\/krabiviptour.com\/th\/#\/schema\/logo\/image\/"}}]}},"jetpack_sharing_enabled":true,"_links":{"self":[{"href":"http:\/\/krabiviptour.com\/fr\/wp-json\/wp\/v2\/pages\/3747","targetHints":{"allow":["GET"]}}],"collection":[{"href":"http:\/\/krabiviptour.com\/fr\/wp-json\/wp\/v2\/pages"}],"about":[{"href":"http:\/\/krabiviptour.com\/fr\/wp-json\/wp\/v2\/types\/page"}],"author":[{"embeddable":true,"href":"http:\/\/krabiviptour.com\/fr\/wp-json\/wp\/v2\/users\/2"}],"replies":[{"embeddable":true,"href":"http:\/\/krabiviptour.com\/fr\/wp-json\/wp\/v2\/comments?post=3747"}],"version-history":[{"count":6,"href":"http:\/\/krabiviptour.com\/fr\/wp-json\/wp\/v2\/pages\/3747\/revisions"}],"predecessor-version":[{"id":4125,"href":"http:\/\/krabiviptour.com\/fr\/wp-json\/wp\/v2\/pages\/3747\/revisions\/4125"}],"wp:attachment":[{"href":"http:\/\/krabiviptour.com\/fr\/wp-json\/wp\/v2\/media?parent=3747"}],"curies":[{"name":"wp","href":"https:\/\/api.w.org\/{rel}","templated":true}]}}