{"id":3756,"date":"2018-05-21T01:53:14","date_gmt":"2018-05-21T01:53:14","guid":{"rendered":"http:\/\/krabiviptour.com\/?page_id=3756"},"modified":"2018-09-28T21:58:12","modified_gmt":"2018-09-28T21:58:12","slug":"krabi-photo-gallery","status":"publish","type":"page","link":"http:\/\/krabiviptour.com\/es\/krabi-photo-gallery\/","title":{"rendered":"Krabi Photo Gallery"},"content":{"rendered":"<p>[vc_row full_width=\u00bbstretch_row\u00bb content_placement=\u00bbmiddle\u00bb type=\u00bbvc_default\u00bb anchor=\u00bbphoto-reports\u00bb css=\u00bb.vc_custom_1526682617853{padding-top: 90px !important;padding-bottom: 100px !important;}\u00bb el_id=\u00bbphotos\u00bb][vc_column offset=\u00bbvc_col-lg-offset-2 vc_col-lg-8 vc_col-md-offset-2 vc_col-md-8 vc_col-sm-offset-0&#8243; css=\u00bb.vc_custom_1492538940617{padding-bottom: 70px !important;}\u00bb]<div id=\"ultimate-heading-495669f319396ae90\" class=\"uvc-heading ult-adjust-bottom-margin ultimate-heading-495669f319396ae90 uvc-7745 accent-border-color accent-subtitle-color\" data-hspacer=\"no_spacer\"  data-halign=\"center\" style=\"text-align:center\"><div class=\"uvc-heading-spacer no_spacer\" style=\"top\"><\/div><div class=\"uvc-main-heading ult-responsive\"  data-ultimate-target='.uvc-heading.ultimate-heading-495669f319396ae90 h2'  data-responsive-json-new='{\"font-size\":\"desktop:50px;tablet_portrait:40px;\",\"line-height\":\"desktop:60px;tablet_portrait:50px;\"}' ><h2 style=\"font-weight:bold;margin-bottom:30px;\">KRABI PHOTO GALLERY<\/h2><\/div><div class=\"uvc-sub-heading ult-responsive\"  data-ultimate-target='.uvc-heading.ultimate-heading-495669f319396ae90 .uvc-sub-heading '  data-responsive-json-new='{\"font-size\":\"desktop:28px;\",\"line-height\":\"desktop:38px;\"}'  style=\"font-family:&#039;Roboto Slab&#039;;font-weight:700;color:#ffffff;\">Ver fotos y videos de viajes anteriores.<\/div><\/div>[\/vc_column][vc_column][vc_row_inner][vc_column_inner width=\u00bb1\/3&#8243; css=\u00bb.vc_custom_1492581301191{padding-bottom: 60px !important;}\u00bb][vc_video link=\u00bbhttps:\/\/youtu.be\/ujCgQhpBql8&#8243; align=\u00bbcenter\u00bb][\/vc_column_inner][vc_column_inner width=\u00bb1\/3&#8243;][vc_video link=\u00bbhttps:\/\/youtu.be\/IOwjNsMxt2o\u00bb align=\u00bbcenter\u00bb][\/vc_column_inner][vc_column_inner width=\u00bb1\/3&#8243;][vc_video link=\u00bbhttps:\/\/youtu.be\/102E-9SExS8&#8243; align=\u00bbcenter\u00bb][\/vc_column_inner][\/vc_row_inner][vc_media_grid element_width=\u00bb2&#8243; gap=\u00bb3&#8243; item=\u00bbmediaGrid_ScaleInWithIcon\u00bb grid_id=\u00bbvc_gid:1538171883245-0c4445c0-0508-0&#8243; include=\u00bb3660,3656,3652,3648,3644,3640,3636,3632,3628,3624,3568,3572,3576,3580,3600,3604,3608,3612,3616,3620,3564,3560,3556,3552,3548,3544,3540,3536,3532,3528,3494,3134,2919,2914,2903,2888,2884,2880,2876,2872,2868,2856,2852,2848,2777,2773,2724,2720,2716,2659,2655,2651,2411,2377,2373,2353,2349,2345,2341,2337,2333,2329,2321,2317,2305,2301,2295,2264,2256,2244,2240,2236,2232,2202,2198,2194,2190,2186,2182,2165,2126,2122,2118,2052,2048,2044,2040,2036,2032,2028,2020,2016,2007,1995,1991,1987,1488,1474,1473,1471,1470,1469&#8243;][\/vc_column][\/vc_row][vc_row equal_height=\u00bbyes\u00bb bg_type=\u00bbbg_color\u00bb bg_override=\u00bbfull\u00bb type=\u00bbvc_default\u00bb css=\u00bb.vc_custom_1526684702069{padding-top: 90px !important;padding-bottom: 90px !important;background-color: #404040 !important;}\u00bb el_id=\u00bbcontact\u00bb bg_color_value=\u00bb#404040&#8243;][vc_column offset=\u00bbvc_col-lg-6 vc_col-md-6&#8243;]<div id=\"ultimate-heading-423469f319396afc6\" class=\"uvc-heading ult-adjust-bottom-margin ultimate-heading-423469f319396afc6 uvc-5771 accent-subtitle-color\" data-hspacer=\"no_spacer\"  data-halign=\"left\" style=\"text-align:left\"><div class=\"uvc-heading-spacer no_spacer\" style=\"top\"><\/div><div class=\"uvc-main-heading ult-responsive\"  data-ultimate-target='.uvc-heading.ultimate-heading-423469f319396afc6 h2'  data-responsive-json-new='{\"font-size\":\"desktop:36px;tablet_portrait:40px;\",\"line-height\":\"desktop:46px;tablet_portrait:50px;\"}' ><h2 style=\"font-weight:bold;color:#ffffff;margin-bottom:10px;\">RESERVA TU TOUR AHORA<\/h2><\/div><div class=\"uvc-sub-heading ult-responsive\"  data-ultimate-target='.uvc-heading.ultimate-heading-423469f319396afc6 .uvc-sub-heading '  data-responsive-json-new='{\"font-size\":\"desktop:22px;\",\"line-height\":\"desktop:32px;\"}'  style=\"font-family:&#039;Roboto Slab&#039;;font-weight:700;color:#ffffff;margin-bottom:25px;\">Nuestros tours son limitados y se recomienda reservar con anticipaci\u00f3n, \u00a1no espere hasta el \u00faltimo momento!<\/div><\/div>[vc_column_text]<span style=\"color: #ffffff;\">Cont\u00e1ctenos ahora y solicite informaci\u00f3n sobre nuestros servicios y programas: nuestro soporte multiling\u00fce responder\u00e1 en 24h. Krabi Vip Tour queda a su disposici\u00f3n para presupuestos, ofertas y excursiones personalizadas para familias o grupos.<br \/>\n<\/span>[\/vc_column_text]<div id=\"ultimate-heading-622969f319396b081\" class=\"uvc-heading ult-adjust-bottom-margin ultimate-heading-622969f319396b081 uvc-8011 accent-subtitle-color\" data-hspacer=\"no_spacer\"  data-halign=\"left\" style=\"text-align:left\"><div class=\"uvc-heading-spacer no_spacer\" style=\"top\"><\/div><div class=\"uvc-main-heading ult-responsive\"  data-ultimate-target='.uvc-heading.ultimate-heading-622969f319396b081 h2'  data-responsive-json-new='{\"font-size\":\"desktop:22px;\",\"line-height\":\"desktop:32px;\"}' ><h2 style=\"font-weight:bold;color:#ffffff;margin-bottom:25px;\">\u00bfTienes alguna pregunta?<\/h2><\/div><\/div><div class=\"aio-icon-component  vc_custom_1526866159844  dt-phone style_2\"><div id=\"Info-box-wrap-8213\" class=\"aio-icon-box default-icon\" style=\"\"  ><div class=\"aio-icon-default\"><div class=\"ult-just-icon-wrapper  \"><div class=\"align-icon\" style=\"text-align:center;\">\n<div class=\"aio-icon none \"  style=\"color:#00c7dd;font-size:30px;display:inline-block;\">\n\t<i class=\"Defaults-phone\"><\/i>\n<\/div><\/div><\/div><\/div><div class=\"aio-icon-header\" ><h3 class=\"aio-icon-title ult-responsive\"  data-ultimate-target='#Info-box-wrap-8213 .aio-icon-title'  data-responsive-json-new='{\"font-size\":\"desktop:24px;\",\"line-height\":\"desktop:24px;\"}'  style=\"font-family:&#039;Open Sans&#039;;font-weight:700;color:#ffffff;\">+66 95-024-7444<\/h3><\/div> <!-- header --><\/div> <!-- aio-icon-box --><\/div> <!-- aio-icon-component --><div class=\"aio-icon-component  vc_custom_1526866578283   style_2\"><div id=\"Info-box-wrap-5670\" class=\"aio-icon-box default-icon\" style=\"\"  ><div class=\"aio-icon-default\"><div class=\"ult-just-icon-wrapper  \"><div class=\"align-icon\" style=\"text-align:center;\">\n<div class=\"aio-icon none \"  style=\"color:#00c7dd;font-size:30px;display:inline-block;\">\n\t<i class=\"Defaults-at\"><\/i>\n<\/div><\/div><\/div><\/div><div class=\"aio-icon-header\" ><a class=\"aio-icon-box-link\" href=\"mailto:info@krabiviptour.com\" target=\"_blank\" rel=\"noopener\" ><h3 class=\"aio-icon-title ult-responsive\"  data-ultimate-target='#Info-box-wrap-5670 .aio-icon-title'  data-responsive-json-new='{\"font-size\":\"desktop:18px;\",\"line-height\":\"desktop:24px;\"}'  style=\"font-family:&#039;Open Sans&#039;;font-weight:700;color:#ffffff;\">info@krabiviptour.com<\/h3><\/a><\/div> <!-- header --><\/div> <!-- aio-icon-box --><\/div> <!-- aio-icon-component --><div class=\"aio-icon-component  vc_custom_1526866265168   style_2\"><div id=\"Info-box-wrap-7909\" class=\"aio-icon-box default-icon\" style=\"\"  ><div class=\"aio-icon-default\"><div class=\"ult-just-icon-wrapper  \"><div class=\"align-icon\" style=\"text-align:center;\">\n<div class=\"aio-icon none \"  style=\"color:#00c7dd;font-size:30px;display:inline-block;\">\n\t<i class=\"Defaults-facebook facebook-f\"><\/i>\n<\/div><\/div><\/div><\/div><div class=\"aio-icon-header\" ><a class=\"aio-icon-box-link\" href=\"https:\/\/www.facebook.com\/krabiviptour\/\" target=\"_blank\" rel=\"noopener\" ><h3 class=\"aio-icon-title ult-responsive\"  data-ultimate-target='#Info-box-wrap-7909 .aio-icon-title'  data-responsive-json-new='{\"font-size\":\"desktop:18px;\",\"line-height\":\"desktop:24px;\"}'  style=\"font-family:&#039;Open Sans&#039;;font-weight:700;color:#ffffff;\">https:\/\/www.facebook.com\/krabiviptour<\/h3><\/a><\/div> <!-- header --><\/div> <!-- aio-icon-box --><\/div> <!-- aio-icon-component --><div class=\"aio-icon-component  vc_custom_1526866325337   style_2\"><div id=\"Info-box-wrap-2494\" class=\"aio-icon-box default-icon\" style=\"\"  ><div class=\"aio-icon-default\"><div class=\"ult-just-icon-wrapper  \"><div class=\"align-icon\" style=\"text-align:center;\">\n<div class=\"aio-icon none \"  style=\"color:#00c7dd;font-size:30px;display:inline-block;\">\n\t<i class=\"Defaults-instagram\"><\/i>\n<\/div><\/div><\/div><\/div><div class=\"aio-icon-header\" ><h3 class=\"aio-icon-title ult-responsive\"  data-ultimate-target='#Info-box-wrap-2494 .aio-icon-title'  data-responsive-json-new='{\"font-size\":\"desktop:18px;\",\"line-height\":\"desktop:24px;\"}'  style=\"font-family:&#039;Open Sans&#039;;font-weight:700;color:#ffffff;\">#krabivip<\/h3><\/div> <!-- header --><\/div> <!-- aio-icon-box --><\/div> <!-- aio-icon-component -->[\/vc_column][vc_column offset=\u00bbvc_col-lg-6 vc_col-md-6&#8243;][vc_column_text css=\u00bb.vc_custom_1538171890829{padding-bottom: 35px !important;}\u00bb][si-contact-form form=&#8217;3&#8242;][\/vc_column_text][\/vc_column][\/vc_row]<\/p>\n","protected":false},"excerpt":{"rendered":"<p>[vc_row full_width=\u00bbstretch_row\u00bb content_placement=\u00bbmiddle\u00bb type=\u00bbvc_default\u00bb anchor=\u00bbphoto-reports\u00bb css=\u00bb.vc_custom_1526682617853{padding-top: 90px !important;padding-bottom: 100px !important;}\u00bb el_id=\u00bbphotos\u00bb][vc_column offset=\u00bbvc_col-lg-offset-2 vc_col-lg-8 vc_col-md-offset-2 vc_col-md-8 vc_col-sm-offset-0&#8243; css=\u00bb.vc_custom_1492538940617{padding-bottom: 70px !important;}\u00bb][\/vc_column][vc_column][vc_row_inner][vc_column_inner width=\u00bb1\/3&#8243; css=\u00bb.vc_custom_1492581301191{padding-bottom: 60px !important;}\u00bb][vc_video link=\u00bbhttps:\/\/youtu.be\/ujCgQhpBql8&#8243; align=\u00bbcenter\u00bb][\/vc_column_inner][vc_column_inner width=\u00bb1\/3&#8243;][vc_video link=\u00bbhttps:\/\/youtu.be\/IOwjNsMxt2o\u00bb align=\u00bbcenter\u00bb][\/vc_column_inner][vc_column_inner width=\u00bb1\/3&#8243;][vc_video link=\u00bbhttps:\/\/youtu.be\/102E-9SExS8&#8243; align=\u00bbcenter\u00bb][\/vc_column_inner][\/vc_row_inner][vc_media_grid element_width=\u00bb2&#8243; gap=\u00bb3&#8243; item=\u00bbmediaGrid_ScaleInWithIcon\u00bb grid_id=\u00bbvc_gid:1538171883245-0c4445c0-0508-0&#8243; include=\u00bb3660,3656,3652,3648,3644,3640,3636,3632,3628,3624,3568,3572,3576,3580,3600,3604,3608,3612,3616,3620,3564,3560,3556,3552,3548,3544,3540,3536,3532,3528,3494,3134,2919,2914,2903,2888,2884,2880,2876,2872,2868,2856,2852,2848,2777,2773,2724,2720,2716,2659,2655,2651,2411,2377,2373,2353,2349,2345,2341,2337,2333,2329,2321,2317,2305,2301,2295,2264,2256,2244,2240,2236,2232,2202,2198,2194,2190,2186,2182,2165,2126,2122,2118,2052,2048,2044,2040,2036,2032,2028,2020,2016,2007,1995,1991,1987,1488,1474,1473,1471,1470,1469&#8243;][\/vc_column][\/vc_row][vc_row equal_height=\u00bbyes\u00bb bg_type=\u00bbbg_color\u00bb bg_override=\u00bbfull\u00bb type=\u00bbvc_default\u00bb css=\u00bb.vc_custom_1526684702069{padding-top: 90px !important;padding-bottom: 90px !important;background-color: #404040 !important;}\u00bb el_id=\u00bbcontact\u00bb bg_color_value=\u00bb#404040&#8243;][vc_column offset=\u00bbvc_col-lg-6 vc_col-md-6&#8243;][vc_column_text]Cont\u00e1ctenos ahora y solicite informaci\u00f3n&hellip;<\/p>\n","protected":false},"author":2,"featured_media":0,"parent":0,"menu_order":10,"comment_status":"closed","ping_status":"open","template":"template-microsite.php","meta":{"_monsterinsights_skip_tracking":false,"_monsterinsights_sitenote_active":false,"_monsterinsights_sitenote_note":"","_monsterinsights_sitenote_category":0},"class_list":["post-3756","page","type-page","status-publish","hentry","description-off"],"yoast_head":"<!-- This site is optimized with the Yoast SEO Premium plugin v27.2 (Yoast SEO v27.2) - https:\/\/yoast.com\/product\/yoast-seo-premium-wordpress\/ -->\n<title>Krabi Photo Gallery - Krabi Vip Tour<\/title>\n<meta name=\"robots\" content=\"index, follow, max-snippet:-1, max-image-preview:large, max-video-preview:-1\" \/>\n<link rel=\"canonical\" href=\"https:\/\/krabiviptour.com\/es\/krabi-photo-gallery\/\" \/>\n<meta property=\"og:locale\" content=\"es_ES\" \/>\n<meta property=\"og:type\" content=\"article\" \/>\n<meta property=\"og:title\" content=\"Krabi Photo Gallery\" \/>\n<meta property=\"og:description\" content=\"[vc_row full_width=\u00bbstretch_row\u00bb content_placement=\u00bbmiddle\u00bb type=\u00bbvc_default\u00bb anchor=\u00bbphoto-reports\u00bb css=\u00bb.vc_custom_1526682617853{padding-top: 90px !important;padding-bottom: 100px !important;}\u00bb el_id=\u00bbphotos\u00bb][vc_column offset=\u00bbvc_col-lg-offset-2 vc_col-lg-8 vc_col-md-offset-2 vc_col-md-8 vc_col-sm-offset-0&#8243; css=\u00bb.vc_custom_1492538940617{padding-bottom: 70px !important;}\u00bb][\/vc_column][vc_column][vc_row_inner][vc_column_inner width=\u00bb1\/3&#8243; css=\u00bb.vc_custom_1492581301191{padding-bottom: 60px !important;}\u00bb][vc_video link=\u00bbhttps:\/\/youtu.be\/ujCgQhpBql8&#8243; align=\u00bbcenter\u00bb][\/vc_column_inner][vc_column_inner width=\u00bb1\/3&#8243;][vc_video link=\u00bbhttps:\/\/youtu.be\/IOwjNsMxt2o\u00bb align=\u00bbcenter\u00bb][\/vc_column_inner][vc_column_inner width=\u00bb1\/3&#8243;][vc_video link=\u00bbhttps:\/\/youtu.be\/102E-9SExS8&#8243; align=\u00bbcenter\u00bb][\/vc_column_inner][\/vc_row_inner][vc_media_grid element_width=\u00bb2&#8243; gap=\u00bb3&#8243; item=\u00bbmediaGrid_ScaleInWithIcon\u00bb grid_id=\u00bbvc_gid:1538171883245-0c4445c0-0508-0&#8243; include=\u00bb3660,3656,3652,3648,3644,3640,3636,3632,3628,3624,3568,3572,3576,3580,3600,3604,3608,3612,3616,3620,3564,3560,3556,3552,3548,3544,3540,3536,3532,3528,3494,3134,2919,2914,2903,2888,2884,2880,2876,2872,2868,2856,2852,2848,2777,2773,2724,2720,2716,2659,2655,2651,2411,2377,2373,2353,2349,2345,2341,2337,2333,2329,2321,2317,2305,2301,2295,2264,2256,2244,2240,2236,2232,2202,2198,2194,2190,2186,2182,2165,2126,2122,2118,2052,2048,2044,2040,2036,2032,2028,2020,2016,2007,1995,1991,1987,1488,1474,1473,1471,1470,1469&#8243;][\/vc_column][\/vc_row][vc_row equal_height=\u00bbyes\u00bb bg_type=\u00bbbg_color\u00bb bg_override=\u00bbfull\u00bb type=\u00bbvc_default\u00bb css=\u00bb.vc_custom_1526684702069{padding-top: 90px !important;padding-bottom: 90px !important;background-color: #404040 !important;}\u00bb el_id=\u00bbcontact\u00bb bg_color_value=\u00bb#404040&#8243;][vc_column offset=\u00bbvc_col-lg-6 vc_col-md-6&#8243;][vc_column_text]Cont\u00e1ctenos ahora y solicite informaci\u00f3n&hellip;\" \/>\n<meta property=\"og:url\" content=\"https:\/\/krabiviptour.com\/es\/krabi-photo-gallery\/\" \/>\n<meta property=\"og:site_name\" content=\"Krabi Vip Tour\" \/>\n<meta property=\"article:modified_time\" content=\"2018-09-28T21:58:12+00:00\" \/>\n<meta property=\"og:image\" content=\"https:\/\/krabiviptour.com\/wp-content\/uploads\/2018\/05\/monkey.jpg\" \/>\n\t<meta property=\"og:image:width\" content=\"1200\" \/>\n\t<meta property=\"og:image:height\" content=\"800\" \/>\n\t<meta property=\"og:image:type\" content=\"image\/jpeg\" \/>\n<meta name=\"twitter:card\" content=\"summary_large_image\" \/>\n<meta name=\"twitter:label1\" content=\"Tiempo de lectura\" \/>\n\t<meta name=\"twitter:data1\" content=\"4 minutos\" \/>\n<script type=\"application\/ld+json\" class=\"yoast-schema-graph\">{\"@context\":\"https:\/\/schema.org\",\"@graph\":[{\"@type\":\"WebPage\",\"@id\":\"https:\/\/krabiviptour.com\/es\/krabi-photo-gallery\/\",\"url\":\"https:\/\/krabiviptour.com\/es\/krabi-photo-gallery\/\",\"name\":\"Krabi Photo Gallery - Krabi Vip Tour\",\"isPartOf\":{\"@id\":\"https:\/\/krabiviptour.com\/#website\"},\"datePublished\":\"2018-05-21T01:53:14+00:00\",\"dateModified\":\"2018-09-28T21:58:12+00:00\",\"breadcrumb\":{\"@id\":\"https:\/\/krabiviptour.com\/es\/krabi-photo-gallery\/#breadcrumb\"},\"inLanguage\":\"es\",\"potentialAction\":[{\"@type\":\"ReadAction\",\"target\":[\"https:\/\/krabiviptour.com\/es\/krabi-photo-gallery\/\"]}]},{\"@type\":\"BreadcrumbList\",\"@id\":\"https:\/\/krabiviptour.com\/es\/krabi-photo-gallery\/#breadcrumb\",\"itemListElement\":[{\"@type\":\"ListItem\",\"position\":1,\"name\":\"Home\",\"item\":\"https:\/\/krabiviptour.com\/es\/\"},{\"@type\":\"ListItem\",\"position\":2,\"name\":\"Krabi Photo Gallery\"}]},{\"@type\":\"WebSite\",\"@id\":\"https:\/\/krabiviptour.com\/#website\",\"url\":\"https:\/\/krabiviptour.com\/\",\"name\":\"Krabi Vip Tour\",\"description\":\"The best Tours in Thailand\",\"publisher\":{\"@id\":\"https:\/\/krabiviptour.com\/#organization\"},\"potentialAction\":[{\"@type\":\"SearchAction\",\"target\":{\"@type\":\"EntryPoint\",\"urlTemplate\":\"https:\/\/krabiviptour.com\/?s={search_term_string}\"},\"query-input\":{\"@type\":\"PropertyValueSpecification\",\"valueRequired\":true,\"valueName\":\"search_term_string\"}}],\"inLanguage\":\"es\"},{\"@type\":\"Organization\",\"@id\":\"https:\/\/krabiviptour.com\/#organization\",\"name\":\"Krabi VIP Tour\",\"url\":\"https:\/\/krabiviptour.com\/\",\"logo\":{\"@type\":\"ImageObject\",\"inLanguage\":\"es\",\"@id\":\"https:\/\/krabiviptour.com\/#\/schema\/logo\/image\/\",\"url\":\"http:\/\/krabiviptour.com\/wp-content\/uploads\/2022\/07\/Visiting-Railay-Beach-Krabi.jpg\",\"contentUrl\":\"http:\/\/krabiviptour.com\/wp-content\/uploads\/2022\/07\/Visiting-Railay-Beach-Krabi.jpg\",\"width\":1829,\"height\":1220,\"caption\":\"Krabi VIP Tour\"},\"image\":{\"@id\":\"https:\/\/krabiviptour.com\/#\/schema\/logo\/image\/\"}}]}<\/script>\n<!-- \/ Yoast SEO Premium plugin. -->","yoast_head_json":{"title":"Krabi Photo Gallery - Krabi Vip Tour","robots":{"index":"index","follow":"follow","max-snippet":"max-snippet:-1","max-image-preview":"max-image-preview:large","max-video-preview":"max-video-preview:-1"},"canonical":"https:\/\/krabiviptour.com\/es\/krabi-photo-gallery\/","og_locale":"es_ES","og_type":"article","og_title":"Krabi Photo Gallery","og_description":"[vc_row full_width=\u00bbstretch_row\u00bb content_placement=\u00bbmiddle\u00bb type=\u00bbvc_default\u00bb anchor=\u00bbphoto-reports\u00bb css=\u00bb.vc_custom_1526682617853{padding-top: 90px !important;padding-bottom: 100px !important;}\u00bb el_id=\u00bbphotos\u00bb][vc_column offset=\u00bbvc_col-lg-offset-2 vc_col-lg-8 vc_col-md-offset-2 vc_col-md-8 vc_col-sm-offset-0&#8243; css=\u00bb.vc_custom_1492538940617{padding-bottom: 70px !important;}\u00bb][\/vc_column][vc_column][vc_row_inner][vc_column_inner width=\u00bb1\/3&#8243; css=\u00bb.vc_custom_1492581301191{padding-bottom: 60px !important;}\u00bb][vc_video link=\u00bbhttps:\/\/youtu.be\/ujCgQhpBql8&#8243; align=\u00bbcenter\u00bb][\/vc_column_inner][vc_column_inner width=\u00bb1\/3&#8243;][vc_video link=\u00bbhttps:\/\/youtu.be\/IOwjNsMxt2o\u00bb align=\u00bbcenter\u00bb][\/vc_column_inner][vc_column_inner width=\u00bb1\/3&#8243;][vc_video link=\u00bbhttps:\/\/youtu.be\/102E-9SExS8&#8243; align=\u00bbcenter\u00bb][\/vc_column_inner][\/vc_row_inner][vc_media_grid element_width=\u00bb2&#8243; gap=\u00bb3&#8243; item=\u00bbmediaGrid_ScaleInWithIcon\u00bb grid_id=\u00bbvc_gid:1538171883245-0c4445c0-0508-0&#8243; include=\u00bb3660,3656,3652,3648,3644,3640,3636,3632,3628,3624,3568,3572,3576,3580,3600,3604,3608,3612,3616,3620,3564,3560,3556,3552,3548,3544,3540,3536,3532,3528,3494,3134,2919,2914,2903,2888,2884,2880,2876,2872,2868,2856,2852,2848,2777,2773,2724,2720,2716,2659,2655,2651,2411,2377,2373,2353,2349,2345,2341,2337,2333,2329,2321,2317,2305,2301,2295,2264,2256,2244,2240,2236,2232,2202,2198,2194,2190,2186,2182,2165,2126,2122,2118,2052,2048,2044,2040,2036,2032,2028,2020,2016,2007,1995,1991,1987,1488,1474,1473,1471,1470,1469&#8243;][\/vc_column][\/vc_row][vc_row equal_height=\u00bbyes\u00bb bg_type=\u00bbbg_color\u00bb bg_override=\u00bbfull\u00bb type=\u00bbvc_default\u00bb css=\u00bb.vc_custom_1526684702069{padding-top: 90px !important;padding-bottom: 90px !important;background-color: #404040 !important;}\u00bb el_id=\u00bbcontact\u00bb bg_color_value=\u00bb#404040&#8243;][vc_column offset=\u00bbvc_col-lg-6 vc_col-md-6&#8243;][vc_column_text]Cont\u00e1ctenos ahora y solicite informaci\u00f3n&hellip;","og_url":"https:\/\/krabiviptour.com\/es\/krabi-photo-gallery\/","og_site_name":"Krabi Vip Tour","article_modified_time":"2018-09-28T21:58:12+00:00","og_image":[{"width":1200,"height":800,"url":"https:\/\/krabiviptour.com\/wp-content\/uploads\/2018\/05\/monkey.jpg","type":"image\/jpeg"}],"twitter_card":"summary_large_image","twitter_misc":{"Tiempo de lectura":"4 minutos"},"schema":{"@context":"https:\/\/schema.org","@graph":[{"@type":"WebPage","@id":"https:\/\/krabiviptour.com\/es\/krabi-photo-gallery\/","url":"https:\/\/krabiviptour.com\/es\/krabi-photo-gallery\/","name":"Krabi Photo Gallery - Krabi Vip Tour","isPartOf":{"@id":"https:\/\/krabiviptour.com\/#website"},"datePublished":"2018-05-21T01:53:14+00:00","dateModified":"2018-09-28T21:58:12+00:00","breadcrumb":{"@id":"https:\/\/krabiviptour.com\/es\/krabi-photo-gallery\/#breadcrumb"},"inLanguage":"es","potentialAction":[{"@type":"ReadAction","target":["https:\/\/krabiviptour.com\/es\/krabi-photo-gallery\/"]}]},{"@type":"BreadcrumbList","@id":"https:\/\/krabiviptour.com\/es\/krabi-photo-gallery\/#breadcrumb","itemListElement":[{"@type":"ListItem","position":1,"name":"Home","item":"https:\/\/krabiviptour.com\/es\/"},{"@type":"ListItem","position":2,"name":"Krabi Photo Gallery"}]},{"@type":"WebSite","@id":"https:\/\/krabiviptour.com\/#website","url":"https:\/\/krabiviptour.com\/","name":"Krabi Vip Tour","description":"The best Tours in Thailand","publisher":{"@id":"https:\/\/krabiviptour.com\/#organization"},"potentialAction":[{"@type":"SearchAction","target":{"@type":"EntryPoint","urlTemplate":"https:\/\/krabiviptour.com\/?s={search_term_string}"},"query-input":{"@type":"PropertyValueSpecification","valueRequired":true,"valueName":"search_term_string"}}],"inLanguage":"es"},{"@type":"Organization","@id":"https:\/\/krabiviptour.com\/#organization","name":"Krabi VIP Tour","url":"https:\/\/krabiviptour.com\/","logo":{"@type":"ImageObject","inLanguage":"es","@id":"https:\/\/krabiviptour.com\/#\/schema\/logo\/image\/","url":"http:\/\/krabiviptour.com\/wp-content\/uploads\/2022\/07\/Visiting-Railay-Beach-Krabi.jpg","contentUrl":"http:\/\/krabiviptour.com\/wp-content\/uploads\/2022\/07\/Visiting-Railay-Beach-Krabi.jpg","width":1829,"height":1220,"caption":"Krabi VIP Tour"},"image":{"@id":"https:\/\/krabiviptour.com\/#\/schema\/logo\/image\/"}}]}},"jetpack_sharing_enabled":true,"_links":{"self":[{"href":"http:\/\/krabiviptour.com\/es\/wp-json\/wp\/v2\/pages\/3756","targetHints":{"allow":["GET"]}}],"collection":[{"href":"http:\/\/krabiviptour.com\/es\/wp-json\/wp\/v2\/pages"}],"about":[{"href":"http:\/\/krabiviptour.com\/es\/wp-json\/wp\/v2\/types\/page"}],"author":[{"embeddable":true,"href":"http:\/\/krabiviptour.com\/es\/wp-json\/wp\/v2\/users\/2"}],"replies":[{"embeddable":true,"href":"http:\/\/krabiviptour.com\/es\/wp-json\/wp\/v2\/comments?post=3756"}],"version-history":[{"count":4,"href":"http:\/\/krabiviptour.com\/es\/wp-json\/wp\/v2\/pages\/3756\/revisions"}],"predecessor-version":[{"id":4126,"href":"http:\/\/krabiviptour.com\/es\/wp-json\/wp\/v2\/pages\/3756\/revisions\/4126"}],"wp:attachment":[{"href":"http:\/\/krabiviptour.com\/es\/wp-json\/wp\/v2\/media?parent=3756"}],"curies":[{"name":"wp","href":"https:\/\/api.w.org\/{rel}","templated":true}]}}