{"id":2966,"date":"2018-05-09T15:45:28","date_gmt":"2018-05-09T15:45:28","guid":{"rendered":"http:\/\/krabiviptour.com\/?page_id=2966"},"modified":"2025-07-11T07:33:18","modified_gmt":"2025-07-11T07:33:18","slug":"tours-en-krabi","status":"publish","type":"page","link":"http:\/\/krabiviptour.com\/es\/tours-en-krabi\/","title":{"rendered":"Tours en Krabi"},"content":{"rendered":"<p>[vc_row equal_height=\u00bbyes\u00bb content_placement=\u00bbmiddle\u00bb type=\u00bbvc_default\u00bb margin_top=\u00bb-50&#8243; anchor=\u00bbabout\u00bb css=\u00bb.vc_custom_1525878915686{padding-top: 90px !important;padding-bottom: 20px !important;}\u00bb el_id=\u00bbabout\u00bb][vc_column]<div id=\"ultimate-heading-246069edcdeb09948\" class=\"uvc-heading ult-adjust-bottom-margin ultimate-heading-246069edcdeb09948 uvc-8876 accent-border-color accent-subtitle-color\" data-hspacer=\"no_spacer\"  data-halign=\"center\" style=\"text-align:center\"><div class=\"uvc-heading-spacer no_spacer\" style=\"top\"><\/div><div class=\"uvc-main-heading ult-responsive\"  data-ultimate-target='.uvc-heading.ultimate-heading-246069edcdeb09948 h2'  data-responsive-json-new='{\"font-size\":\"desktop:50px;tablet_portrait:40px;\",\"line-height\":\"desktop:60px;tablet_portrait:50px;\"}' ><h2 style=\"font-weight:bold;margin-bottom:30px;\">TOURS EN KRABI - \u2013 Vive Krabi con Excursiones Aut\u00e9nticas<\/h2><\/div><\/div>[vc_wp_text]<\/p>\n<h2 style=\"text-align: center;\" data-start=\"443\" data-end=\"521\">Tours en Krabi con Grupos Reducidos \u2013 Una Forma Diferente de Viajar<\/h2>\n<h4 data-start=\"523\" data-end=\"801\">Nuestros <strong data-start=\"532\" data-end=\"550\">tours en Krabi<\/strong> est\u00e1n dise\u00f1ados para viajeros que buscan una experiencia m\u00e1s aut\u00e9ntica y c\u00f3moda. En Krabi VIP Tour fuimos los primeros en ofrecer <strong data-start=\"681\" data-end=\"705\">excursiones en Krabi<\/strong> en <strong data-start=\"709\" data-end=\"750\">grupos peque\u00f1os de m\u00e1ximo 12 personas<\/strong>, combinando profesionalidad, seguridad y cercan\u00eda.<\/h4>\n<h4 data-start=\"803\" data-end=\"1062\">Con nuestros <strong data-start=\"816\" data-end=\"834\">tours en Krabi<\/strong>, evitar\u00e1s las multitudes y visitar\u00e1s lugares \u00fanicos, acompa\u00f1ado por gu\u00edas locales expertos. Ofrecemos <strong data-start=\"937\" data-end=\"961\">excursiones en Krabi<\/strong> a playas v\u00edrgenes, lagunas escondidas y paisajes espectaculares, en un ambiente relajado y acogedor.<\/h4>\n<h2 style=\"text-align: center;\" data-start=\"1069\" data-end=\"1132\">Excursiones en Krabi \u2013 Calidad, Naturaleza y Cultura<\/h2>\n<h4 data-start=\"1134\" data-end=\"1438\">Cada una de nuestras <strong data-start=\"1155\" data-end=\"1179\">excursiones en Krabi<\/strong> incluye transporte desde tu hotel, gu\u00eda profesional y un itinerario cuidadosamente dise\u00f1ado. Ya sea por mar o tierra, nuestras <strong data-start=\"1307\" data-end=\"1331\">excursiones en Krabi<\/strong> son ideales para parejas, amigos o familias que desean explorar la verdadera esencia del sur de Tailandia.<\/h4>\n<h4 data-start=\"1440\" data-end=\"1573\">Evita las rutas comerciales y sum\u00e9rgete en la belleza natural de la regi\u00f3n con nuestras <strong data-start=\"1528\" data-end=\"1552\">excursiones en Krabi<\/strong> en grupos reducidos.<\/h4>\n<h2 style=\"text-align: center;\" data-start=\"1580\" data-end=\"1642\">Tours en Barco Krabi \u2013 Islas y Aventura con Confort<\/h2>\n<h4 data-start=\"1644\" data-end=\"1776\">Los <strong data-start=\"1648\" data-end=\"1672\">tours en barco Krabi<\/strong> son los m\u00e1s populares entre nuestros viajeros. Organizamos tres salidas principales en grupos peque\u00f1os:<\/h4>\n<ul data-start=\"1778\" data-end=\"1982\">\n<li data-start=\"1778\" data-end=\"1842\">\n<h4 data-start=\"1780\" data-end=\"1842\"><strong data-start=\"1780\" data-end=\"1808\">Tour a <a href=\"http:\/\/krabiviptour.com\/es\/phi-phi-islas-tour\/\">las Islas Phi Phi<\/a><\/strong> con snorkel y playas escondidas<\/h4>\n<\/li>\n<li data-start=\"1843\" data-end=\"1909\">\n<h4 data-start=\"1845\" data-end=\"1909\"><strong data-start=\"1845\" data-end=\"1881\">Tour de <a href=\"http:\/\/krabiviptour.com\/es\/4-islas-tour-2\/\">las 4 Islas al atardecer<\/a><\/strong>, con barbacoa en la playa<\/h4>\n<\/li>\n<li data-start=\"1910\" data-end=\"1982\">\n<h4 data-start=\"1912\" data-end=\"1982\"><strong data-start=\"1912\" data-end=\"1941\">Tour a <a href=\"http:\/\/krabiviptour.com\/es\/tour-isla-james-bond\/\">la Isla James Bond<\/a><\/strong>, con cuevas y formaciones rocosas \u00fanicas<\/h4>\n<\/li>\n<\/ul>\n<h4 data-start=\"1984\" data-end=\"2141\">Cada uno de estos <strong data-start=\"2002\" data-end=\"2026\">tours en barco Krabi<\/strong> se realiza con atenci\u00f3n al detalle, evitando las horas de mayor afluencia y maximizando tu tiempo en cada destino.<\/h4>\n<h2 style=\"text-align: center;\" data-start=\"2148\" data-end=\"2208\">Tours desde Ao Nang \u2013 Comodidad y Salidas Diarias<\/h2>\n<h4 data-start=\"2210\" data-end=\"2473\">Nuestras <strong data-start=\"2219\" data-end=\"2243\">excursiones en Krabi<\/strong> parten cada d\u00eda desde Ao Nang, un punto ideal para explorar la regi\u00f3n sin perder tiempo en traslados largos. Gracias a nuestra ubicaci\u00f3n, nuestros <strong data-start=\"2391\" data-end=\"2414\">tours desde Ao Nang<\/strong> llegan a los lugares m\u00e1s bonitos antes que las multitudes.<\/h4>\n<h4 data-start=\"2475\" data-end=\"2611\">Si te alojas en Ao Nang, Nopparat Thara o Railay, puedes unirte f\u00e1cilmente a nuestros <strong data-start=\"2561\" data-end=\"2579\">tours en Krabi<\/strong> y disfrutar de un d\u00eda perfecto.<\/h4>\n<h2 style=\"text-align: center;\" data-start=\"2618\" data-end=\"2674\">Reserva Hoy tu Tour en Krabi con los Expertos<\/h2>\n<h4 data-start=\"2676\" data-end=\"2878\">Con m\u00e1s de 15 a\u00f1os de experiencia y un equipo local comprometido, Krabi VIP Tour ofrece <strong data-start=\"2764\" data-end=\"2782\">Excursiones \u00a0en Krabi<\/strong> con un enfoque diferente: atenci\u00f3n personalizada, itinerarios bien pensados y grupos reducidos.<\/h4>\n<h4 data-start=\"2880\" data-end=\"3055\">No te conformes con excursiones masivas. Descubre la Tailandia m\u00e1s aut\u00e9ntica con nuestros <strong data-start=\"2970\" data-end=\"2988\">tours en Krabi<\/strong>. Viaja mejor, con tranquilidad, seguridad y momentos inolvidables.<\/h4>\n<p>[\/vc_wp_text][vc_raw_js]JTNDc2NyaXB0JTIwdHlwZSUzRCUyMnRleHQlMkZqYXZhc2NyaXB0JTIyJTIwc3JjJTNEJTIyaHR0cHMlM0ElMkYlMkZ3aWRnZXRzLmJva3VuLmlvJTJGYXNzZXRzJTJGamF2YXNjcmlwdHMlMkZhcHBzJTJGYnVpbGQlMkZCb2t1bldpZGdldHNMb2FkZXIuanMlM0Zib29raW5nQ2hhbm5lbFVVSUQlM0RlYWNjOGZjMS0yMTgzLTQ2Y2YtOTcxMC0wYjAxZjhiZjZhYTUlMjIlMjBhc3luYyUzRSUzQyUyRnNjcmlwdCUzRSUwQSUyMCUyMCUyMCUyMCUyMCUwQSUyMCUyMCUyMCUyMCUzQ2RpdiUyMGNsYXNzJTNEJTIyYm9rdW5XaWRnZXQlMjIlMjBkYXRhLXNyYyUzRCUyMmh0dHBzJTNBJTJGJTJGd2lkZ2V0cy5ib2t1bi5pbyUyRm9ubGluZS1zYWxlcyUyRmVhY2M4ZmMxLTIxODMtNDZjZi05NzEwLTBiMDFmOGJmNmFhNSUyRnByb2R1Y3QtbGlzdCUyRjU3NDY3JTIyJTNFJTNDJTJGZGl2JTNFJTBBJTIwJTIwJTIwJTIwJTNDbm9zY3JpcHQlM0VQbGVhc2UlMjBlbmFibGUlMjBqYXZhc2NyaXB0JTIwaW4lMjB5b3VyJTIwYnJvd3NlciUyMHRvJTIwYm9vayUzQyUyRm5vc2NyaXB0JTNFJTBB[\/vc_raw_js][\/vc_column][\/vc_row][vc_row equal_height=\u00bbyes\u00bb bg_type=\u00bbimage\u00bb parallax_style=\u00bbvcpb-default\u00bb bg_image_new=\u00bbid^628|url^http:\/\/krabiviptour.com\/wp-content\/uploads\/2016\/02\/tr-005.jpg|caption^null|alt^null|title^tr-005|description^null\u00bb bg_image_repeat=\u00bbno-repeat\u00bb bg_img_attach=\u00bbfixed\u00bb bg_override=\u00bbfull\u00bb enable_overlay=\u00bbenable_overlay_value\u00bb overlay_color=\u00bbrgba(0,0,0,0.75)\u00bb type=\u00bbvc_default\u00bb css=\u00bb.vc_custom_1492767219064{padding-top: 90px !important;padding-bottom: 90px !important;}\u00bb el_id=\u00bbcontact\u00bb][vc_column offset=\u00bbvc_col-lg-6 vc_col-md-6&#8243;]<div id=\"ultimate-heading-380269edcdeb09abb\" class=\"uvc-heading ult-adjust-bottom-margin ultimate-heading-380269edcdeb09abb uvc-3059 accent-border-color accent-subtitle-color\" data-hspacer=\"no_spacer\"  data-halign=\"left\" style=\"text-align:left\"><div class=\"uvc-heading-spacer no_spacer\" style=\"top\"><\/div><div class=\"uvc-main-heading ult-responsive\"  data-ultimate-target='.uvc-heading.ultimate-heading-380269edcdeb09abb h2'  data-responsive-json-new='{\"font-size\":\"desktop:50px;tablet_portrait:40px;\",\"line-height\":\"desktop:60px;tablet_portrait:50px;\"}' ><h2 style=\"font-weight:bold;color:#ffffff;margin-bottom:30px;\">RESERVA TU TOUR AHORA<\/h2><\/div><div class=\"uvc-sub-heading ult-responsive\"  data-ultimate-target='.uvc-heading.ultimate-heading-380269edcdeb09abb .uvc-sub-heading '  data-responsive-json-new='{\"font-size\":\"desktop:28px;\",\"line-height\":\"desktop:38px;\"}'  style=\"font-family:&#039;Roboto Slab&#039;;font-weight:700;color:#ffffff;margin-bottom:35px;\">Nuestros tours son limitados y se recomienda reservar con anticipaci\u00f3n, \u00a1no espere hasta el \u00faltimo momento!<\/div><\/div><div class=\"aio-icon-component  vc_custom_1525879058928  dt-phone style_2\"><div id=\"Info-box-wrap-2435\" class=\"aio-icon-box default-icon\" style=\"\"  ><div class=\"aio-icon-default\"><div class=\"ult-just-icon-wrapper  \"><div class=\"align-icon\" style=\"text-align:center;\">\n<div class=\"aio-icon none \"  style=\"color:#00c7dd;font-size:30px;display:inline-block;\">\n\t<i class=\"Defaults-phone\"><\/i>\n<\/div><\/div><\/div><\/div><div class=\"aio-icon-header\" ><h3 class=\"aio-icon-title ult-responsive\"  data-ultimate-target='#Info-box-wrap-2435 .aio-icon-title'  data-responsive-json-new='{\"font-size\":\"desktop:24px;\",\"line-height\":\"desktop:24px;\"}'  style=\"font-family:&#039;Open Sans&#039;;font-weight:700;color:#ffffff;\">+66 95-024-7444<\/h3><\/div> <!-- header --><\/div> <!-- aio-icon-box --><\/div> <!-- aio-icon-component --><div class=\"aio-icon-component  vc_custom_1525879183127   style_2\"><div id=\"Info-box-wrap-4382\" class=\"aio-icon-box default-icon\" style=\"\"  ><div class=\"aio-icon-default\"><div class=\"ult-just-icon-wrapper  \"><div class=\"align-icon\" style=\"text-align:center;\">\n<div class=\"aio-icon none \"  style=\"color:#00c7dd;font-size:30px;display:inline-block;\">\n\t<i class=\"Defaults-at\"><\/i>\n<\/div><\/div><\/div><\/div><div class=\"aio-icon-header\" ><a class=\"aio-icon-box-link\" href=\"mailto:info@krabiviptour.com\" target=\"_blank\" rel=\"noopener\" ><h3 class=\"aio-icon-title ult-responsive\"  data-ultimate-target='#Info-box-wrap-4382 .aio-icon-title'  data-responsive-json-new='{\"font-size\":\"desktop:18px;\",\"line-height\":\"desktop:24px;\"}'  style=\"font-family:&#039;Open Sans&#039;;font-weight:700;color:#ffffff;\">info@krabiviptour.com<\/h3><\/a><\/div> <!-- header --><\/div> <!-- aio-icon-box --><\/div> <!-- aio-icon-component --><div class=\"aio-icon-component  vc_custom_1525879172098   style_2\"><div id=\"Info-box-wrap-4113\" class=\"aio-icon-box default-icon\" style=\"\"  ><div class=\"aio-icon-default\"><div class=\"ult-just-icon-wrapper  \"><div class=\"align-icon\" style=\"text-align:center;\">\n<div class=\"aio-icon none \"  style=\"color:#00c7dd;font-size:30px;display:inline-block;\">\n\t<i class=\"Defaults-facebook facebook-f\"><\/i>\n<\/div><\/div><\/div><\/div><div class=\"aio-icon-header\" ><a class=\"aio-icon-box-link\" href=\"https:\/\/www.facebook.com\/krabiviptour\/\" target=\"_blank\" rel=\"noopener\" ><h3 class=\"aio-icon-title ult-responsive\"  data-ultimate-target='#Info-box-wrap-4113 .aio-icon-title'  data-responsive-json-new='{\"font-size\":\"desktop:18px;\",\"line-height\":\"desktop:24px;\"}'  style=\"font-family:&#039;Open Sans&#039;;font-weight:700;color:#ffffff;\">https:\/\/www.facebook.com\/krabiviptour\/<\/h3><\/a><\/div> <!-- header --><\/div> <!-- aio-icon-box --><\/div> <!-- aio-icon-component --><div class=\"aio-icon-component  vc_custom_1525879238345   style_2\"><div id=\"Info-box-wrap-4654\" class=\"aio-icon-box default-icon\" style=\"\"  ><div class=\"aio-icon-default\"><div class=\"ult-just-icon-wrapper  \"><div class=\"align-icon\" style=\"text-align:center;\">\n<div class=\"aio-icon none \"  style=\"color:#00c7dd;font-size:30px;display:inline-block;\">\n\t<i class=\"Defaults-instagram\"><\/i>\n<\/div><\/div><\/div><\/div><div class=\"aio-icon-header\" ><h3 class=\"aio-icon-title ult-responsive\"  data-ultimate-target='#Info-box-wrap-4654 .aio-icon-title'  data-responsive-json-new='{\"font-size\":\"desktop:18px;\",\"line-height\":\"desktop:24px;\"}'  style=\"font-family:&#039;Open Sans&#039;;font-weight:700;color:#ffffff;\">#krabivip<\/h3><\/div> <!-- header --><\/div> <!-- aio-icon-box --><\/div> <!-- aio-icon-component -->[\/vc_column][vc_column offset=\u00bbvc_col-lg-6 vc_col-md-6&#8243;][vc_column_text css=\u00bb.vc_custom_1659923326387{padding-bottom: 35px !important;}\u00bb]\n<div class=\"wpcf7 no-js\" id=\"wpcf7-f5-o1\" lang=\"it-IT\" dir=\"ltr\" data-wpcf7-id=\"5\">\n<div class=\"screen-reader-response\"><p role=\"status\" aria-live=\"polite\" aria-atomic=\"true\"><\/p> <ul><\/ul><\/div>\n<form action=\"\/es\/wp-json\/wp\/v2\/pages\/2966#wpcf7-f5-o1\" method=\"post\" class=\"wpcf7-form init\" aria-label=\"Modulo di contatto\" novalidate=\"novalidate\" data-status=\"init\">\n<fieldset class=\"hidden-fields-container\"><input type=\"hidden\" name=\"_wpcf7\" value=\"5\" \/><input type=\"hidden\" name=\"_wpcf7_version\" value=\"6.1.5\" \/><input type=\"hidden\" name=\"_wpcf7_locale\" value=\"it_IT\" \/><input type=\"hidden\" name=\"_wpcf7_unit_tag\" value=\"wpcf7-f5-o1\" \/><input type=\"hidden\" name=\"_wpcf7_container_post\" value=\"0\" \/><input type=\"hidden\" name=\"_wpcf7_posted_data_hash\" value=\"\" \/><input type=\"hidden\" name=\"_wpcf7_recaptcha_response\" value=\"\" \/>\n<\/fieldset>\n<p><label> Your Name (required)<br \/>\n<span class=\"wpcf7-form-control-wrap\" data-name=\"your-name\"><input size=\"40\" maxlength=\"400\" class=\"wpcf7-form-control wpcf7-text wpcf7-validates-as-required\" aria-required=\"true\" aria-invalid=\"false\" value=\"\" type=\"text\" name=\"your-name\" \/><\/span> <\/label>\n<\/p>\n<p><label> Your Email (required)<br \/>\n<span class=\"wpcf7-form-control-wrap\" data-name=\"your-email\"><input size=\"40\" maxlength=\"400\" class=\"wpcf7-form-control wpcf7-email wpcf7-validates-as-required wpcf7-text wpcf7-validates-as-email\" aria-required=\"true\" aria-invalid=\"false\" value=\"\" type=\"email\" name=\"your-email\" \/><\/span> <\/label>\n<\/p>\n<p><label> Subject<br \/>\n<span class=\"wpcf7-form-control-wrap\" data-name=\"your-subject\"><input size=\"40\" maxlength=\"400\" class=\"wpcf7-form-control wpcf7-text\" aria-invalid=\"false\" value=\"\" type=\"text\" name=\"your-subject\" \/><\/span> <\/label>\n<\/p>\n<p><label> Your Message<br \/>\n<span class=\"wpcf7-form-control-wrap\" data-name=\"your-message\"><textarea cols=\"40\" rows=\"10\" maxlength=\"2000\" class=\"wpcf7-form-control wpcf7-textarea\" aria-invalid=\"false\" name=\"your-message\"><\/textarea><\/span> <\/label>\n<\/p>\n<p><input class=\"wpcf7-form-control wpcf7-submit has-spinner\" type=\"submit\" value=\"Send\" \/>\n<\/p><p style=\"display: none !important;\" class=\"akismet-fields-container\" data-prefix=\"_wpcf7_ak_\"><label>&#916;<textarea name=\"_wpcf7_ak_hp_textarea\" cols=\"45\" rows=\"8\" maxlength=\"100\"><\/textarea><\/label><input type=\"hidden\" id=\"ak_js_1\" name=\"_wpcf7_ak_js\" value=\"175\"\/><script>document.getElementById( \"ak_js_1\" ).setAttribute( \"value\", ( new Date() ).getTime() );<\/script><\/p><div class=\"wpcf7-response-output\" aria-hidden=\"true\"><\/div>\n<\/form>\n<\/div>\n[\/vc_column_text][\/vc_column][\/vc_row]<\/p>\n","protected":false},"excerpt":{"rendered":"<p>[vc_row equal_height=\u00bbyes\u00bb content_placement=\u00bbmiddle\u00bb type=\u00bbvc_default\u00bb margin_top=\u00bb-50&#8243; anchor=\u00bbabout\u00bb css=\u00bb.vc_custom_1525878915686{padding-top: 90px !important;padding-bottom: 20px !important;}\u00bb el_id=\u00bbabout\u00bb][vc_column][vc_wp_text] Tours en Krabi con Grupos Reducidos \u2013 Una Forma Diferente de Viajar Nuestros tours en Krabi est\u00e1n dise\u00f1ados para viajeros que buscan una experiencia m\u00e1s aut\u00e9ntica y c\u00f3moda. En Krabi VIP Tour fuimos los primeros en ofrecer excursiones en Krabi en grupos peque\u00f1os&hellip;<\/p>\n","protected":false},"author":2,"featured_media":0,"parent":0,"menu_order":10,"comment_status":"closed","ping_status":"open","template":"template-microsite.php","meta":{"_monsterinsights_skip_tracking":false,"_monsterinsights_sitenote_active":false,"_monsterinsights_sitenote_note":"","_monsterinsights_sitenote_category":0},"class_list":["post-2966","page","type-page","status-publish","hentry","description-off"],"yoast_head":"<!-- This site is optimized with the Yoast SEO Premium plugin v27.2 (Yoast SEO v27.2) - https:\/\/yoast.com\/product\/yoast-seo-premium-wordpress\/ -->\n<title>Tours en Krabi - Mejores Tours desde Ao Nang - Krabi Vip Tour<\/title>\n<meta name=\"description\" content=\"Descubre los mejores tours en Krabi y excursiones en Krabi desde Ao Nang. Viaja en grupos peque\u00f1os con gu\u00edas locales y rutas aut\u00e9nticas.\" \/>\n<meta name=\"robots\" content=\"index, follow, max-snippet:-1, max-image-preview:large, max-video-preview:-1\" \/>\n<link rel=\"canonical\" href=\"http:\/\/krabiviptour.com\/es\/tours-en-krabi\/\" \/>\n<meta property=\"og:locale\" content=\"es_ES\" \/>\n<meta property=\"og:type\" content=\"article\" \/>\n<meta property=\"og:title\" content=\"Krabi Vip Tours - Krabi Tours para Island y Land\" \/>\n<meta property=\"og:description\" content=\"Nuestros Krabi Tours son semi-privados para un m\u00e1ximo de 13 personas o Privadas para grupos y familias. Krabi Sunset Tour, Phi Phi Tour, Koh Hong, Koh Rok\" \/>\n<meta property=\"og:url\" content=\"http:\/\/krabiviptour.com\/es\/tours-en-krabi\/\" \/>\n<meta property=\"og:site_name\" content=\"Krabi Vip Tour\" \/>\n<meta property=\"article:modified_time\" content=\"2025-07-11T07:33:18+00:00\" \/>\n<meta property=\"og:image\" content=\"http:\/\/krabiviptour.com\/wp-content\/uploads\/2018\/05\/group_beach_2.jpg\" \/>\n\t<meta property=\"og:image:width\" content=\"1200\" \/>\n\t<meta property=\"og:image:height\" content=\"800\" \/>\n\t<meta property=\"og:image:type\" content=\"image\/jpeg\" \/>\n<meta name=\"twitter:card\" content=\"summary_large_image\" \/>\n<meta name=\"twitter:title\" content=\"Tours en Krabi\" \/>\n<meta name=\"twitter:label1\" content=\"Tiempo de lectura\" \/>\n\t<meta name=\"twitter:data1\" content=\"3 minutos\" \/>\n<script type=\"application\/ld+json\" class=\"yoast-schema-graph\">{\"@context\":\"https:\/\/schema.org\",\"@graph\":[{\"@type\":\"WebPage\",\"@id\":\"http:\/\/krabiviptour.com\/es\/tours-en-krabi\/\",\"url\":\"http:\/\/krabiviptour.com\/es\/tours-en-krabi\/\",\"name\":\"Tours en Krabi - Mejores Tours desde Ao Nang - Krabi Vip Tour\",\"isPartOf\":{\"@id\":\"https:\/\/krabiviptour.com\/#website\"},\"datePublished\":\"2018-05-09T15:45:28+00:00\",\"dateModified\":\"2025-07-11T07:33:18+00:00\",\"description\":\"Descubre los mejores tours en Krabi y excursiones en Krabi desde Ao Nang. Viaja en grupos peque\u00f1os con gu\u00edas locales y rutas aut\u00e9nticas.\",\"breadcrumb\":{\"@id\":\"http:\/\/krabiviptour.com\/es\/tours-en-krabi\/#breadcrumb\"},\"inLanguage\":\"es\",\"potentialAction\":[{\"@type\":\"ReadAction\",\"target\":[\"http:\/\/krabiviptour.com\/es\/tours-en-krabi\/\"]}]},{\"@type\":\"BreadcrumbList\",\"@id\":\"http:\/\/krabiviptour.com\/es\/tours-en-krabi\/#breadcrumb\",\"itemListElement\":[{\"@type\":\"ListItem\",\"position\":1,\"name\":\"Home\",\"item\":\"http:\/\/krabiviptour.com\/es\/\"},{\"@type\":\"ListItem\",\"position\":2,\"name\":\"Tours en Krabi\"}]},{\"@type\":\"WebSite\",\"@id\":\"https:\/\/krabiviptour.com\/#website\",\"url\":\"https:\/\/krabiviptour.com\/\",\"name\":\"Krabi Vip Tour\",\"description\":\"The best Tours in Thailand\",\"publisher\":{\"@id\":\"https:\/\/krabiviptour.com\/#organization\"},\"potentialAction\":[{\"@type\":\"SearchAction\",\"target\":{\"@type\":\"EntryPoint\",\"urlTemplate\":\"https:\/\/krabiviptour.com\/?s={search_term_string}\"},\"query-input\":{\"@type\":\"PropertyValueSpecification\",\"valueRequired\":true,\"valueName\":\"search_term_string\"}}],\"inLanguage\":\"es\"},{\"@type\":\"Organization\",\"@id\":\"https:\/\/krabiviptour.com\/#organization\",\"name\":\"Krabi VIP Tour\",\"url\":\"https:\/\/krabiviptour.com\/\",\"logo\":{\"@type\":\"ImageObject\",\"inLanguage\":\"es\",\"@id\":\"https:\/\/krabiviptour.com\/#\/schema\/logo\/image\/\",\"url\":\"http:\/\/krabiviptour.com\/wp-content\/uploads\/2022\/07\/Visiting-Railay-Beach-Krabi.jpg\",\"contentUrl\":\"http:\/\/krabiviptour.com\/wp-content\/uploads\/2022\/07\/Visiting-Railay-Beach-Krabi.jpg\",\"width\":1829,\"height\":1220,\"caption\":\"Krabi VIP Tour\"},\"image\":{\"@id\":\"https:\/\/krabiviptour.com\/#\/schema\/logo\/image\/\"}}]}<\/script>\n<!-- \/ Yoast SEO Premium plugin. -->","yoast_head_json":{"title":"Tours en Krabi - Mejores Tours desde Ao Nang - Krabi Vip Tour","description":"Descubre los mejores tours en Krabi y excursiones en Krabi desde Ao Nang. Viaja en grupos peque\u00f1os con gu\u00edas locales y rutas aut\u00e9nticas.","robots":{"index":"index","follow":"follow","max-snippet":"max-snippet:-1","max-image-preview":"max-image-preview:large","max-video-preview":"max-video-preview:-1"},"canonical":"http:\/\/krabiviptour.com\/es\/tours-en-krabi\/","og_locale":"es_ES","og_type":"article","og_title":"Krabi Vip Tours - Krabi Tours para Island y Land","og_description":"Nuestros Krabi Tours son semi-privados para un m\u00e1ximo de 13 personas o Privadas para grupos y familias. Krabi Sunset Tour, Phi Phi Tour, Koh Hong, Koh Rok","og_url":"http:\/\/krabiviptour.com\/es\/tours-en-krabi\/","og_site_name":"Krabi Vip Tour","article_modified_time":"2025-07-11T07:33:18+00:00","og_image":[{"width":1200,"height":800,"url":"http:\/\/krabiviptour.com\/wp-content\/uploads\/2018\/05\/group_beach_2.jpg","type":"image\/jpeg"}],"twitter_card":"summary_large_image","twitter_title":"Tours en Krabi","twitter_misc":{"Tiempo de lectura":"3 minutos"},"schema":{"@context":"https:\/\/schema.org","@graph":[{"@type":"WebPage","@id":"http:\/\/krabiviptour.com\/es\/tours-en-krabi\/","url":"http:\/\/krabiviptour.com\/es\/tours-en-krabi\/","name":"Tours en Krabi - Mejores Tours desde Ao Nang - Krabi Vip Tour","isPartOf":{"@id":"https:\/\/krabiviptour.com\/#website"},"datePublished":"2018-05-09T15:45:28+00:00","dateModified":"2025-07-11T07:33:18+00:00","description":"Descubre los mejores tours en Krabi y excursiones en Krabi desde Ao Nang. Viaja en grupos peque\u00f1os con gu\u00edas locales y rutas aut\u00e9nticas.","breadcrumb":{"@id":"http:\/\/krabiviptour.com\/es\/tours-en-krabi\/#breadcrumb"},"inLanguage":"es","potentialAction":[{"@type":"ReadAction","target":["http:\/\/krabiviptour.com\/es\/tours-en-krabi\/"]}]},{"@type":"BreadcrumbList","@id":"http:\/\/krabiviptour.com\/es\/tours-en-krabi\/#breadcrumb","itemListElement":[{"@type":"ListItem","position":1,"name":"Home","item":"http:\/\/krabiviptour.com\/es\/"},{"@type":"ListItem","position":2,"name":"Tours en Krabi"}]},{"@type":"WebSite","@id":"https:\/\/krabiviptour.com\/#website","url":"https:\/\/krabiviptour.com\/","name":"Krabi Vip Tour","description":"The best Tours in Thailand","publisher":{"@id":"https:\/\/krabiviptour.com\/#organization"},"potentialAction":[{"@type":"SearchAction","target":{"@type":"EntryPoint","urlTemplate":"https:\/\/krabiviptour.com\/?s={search_term_string}"},"query-input":{"@type":"PropertyValueSpecification","valueRequired":true,"valueName":"search_term_string"}}],"inLanguage":"es"},{"@type":"Organization","@id":"https:\/\/krabiviptour.com\/#organization","name":"Krabi VIP Tour","url":"https:\/\/krabiviptour.com\/","logo":{"@type":"ImageObject","inLanguage":"es","@id":"https:\/\/krabiviptour.com\/#\/schema\/logo\/image\/","url":"http:\/\/krabiviptour.com\/wp-content\/uploads\/2022\/07\/Visiting-Railay-Beach-Krabi.jpg","contentUrl":"http:\/\/krabiviptour.com\/wp-content\/uploads\/2022\/07\/Visiting-Railay-Beach-Krabi.jpg","width":1829,"height":1220,"caption":"Krabi VIP Tour"},"image":{"@id":"https:\/\/krabiviptour.com\/#\/schema\/logo\/image\/"}}]}},"jetpack_sharing_enabled":true,"_links":{"self":[{"href":"http:\/\/krabiviptour.com\/es\/wp-json\/wp\/v2\/pages\/2966","targetHints":{"allow":["GET"]}}],"collection":[{"href":"http:\/\/krabiviptour.com\/es\/wp-json\/wp\/v2\/pages"}],"about":[{"href":"http:\/\/krabiviptour.com\/es\/wp-json\/wp\/v2\/types\/page"}],"author":[{"embeddable":true,"href":"http:\/\/krabiviptour.com\/es\/wp-json\/wp\/v2\/users\/2"}],"replies":[{"embeddable":true,"href":"http:\/\/krabiviptour.com\/es\/wp-json\/wp\/v2\/comments?post=2966"}],"version-history":[{"count":16,"href":"http:\/\/krabiviptour.com\/es\/wp-json\/wp\/v2\/pages\/2966\/revisions"}],"predecessor-version":[{"id":8041,"href":"http:\/\/krabiviptour.com\/es\/wp-json\/wp\/v2\/pages\/2966\/revisions\/8041"}],"wp:attachment":[{"href":"http:\/\/krabiviptour.com\/es\/wp-json\/wp\/v2\/media?parent=2966"}],"curies":[{"name":"wp","href":"https:\/\/api.w.org\/{rel}","templated":true}]}}