{"id":2604,"date":"2018-04-30T20:23:18","date_gmt":"2018-04-30T20:23:18","guid":{"rendered":"http:\/\/krabiviptour.com\/?page_id=2604"},"modified":"2018-10-02T13:23:56","modified_gmt":"2018-10-02T13:23:56","slug":"similan-islands","status":"publish","type":"page","link":"http:\/\/krabiviptour.com\/es\/similan-islands\/","title":{"rendered":"Similan Tour"},"content":{"rendered":"<p>[vc_row disable_element=\u00bbyes\u00bb bg_type=\u00bbimage\u00bb parallax_style=\u00bbvcpb-vz-jquery\u00bb bg_image_new=\u00bbid^1855|url^http:\/\/krabiviptour.com\/wp-content\/uploads\/2018\/04\/7.jpg|caption^Krabi Vip Tour &#8211; escursioni alle isole di Krabi &#8211; tour isole della Thailandia Similan Islands |alt^Similan Islands|title^Similan Islands|description^null\u00bb bg_image_repeat=\u00bbno-repeat\u00bb bg_img_attach=\u00bbfixed\u00bb bg_override=\u00bbex-full\u00bb enable_overlay=\u00bbenable_overlay_value\u00bb overlay_color=\u00bbrgba(0,0,0,0.11)\u00bb type=\u00bbvc_default\u00bb css=\u00bb.vc_custom_1524696445315{padding-top: 6% !important;padding-bottom: 6% !important;}\u00bb][vc_column css=\u00bb.vc_custom_1492694838569{padding-top: 6% !important;padding-bottom: 6% !important;}\u00bb offset=\u00bbvc_col-lg-offset-2 vc_col-lg-8 vc_col-md-offset-1 vc_col-md-10 vc_col-sm-offset-0&#8243;]<div id=\"ultimate-heading-429969d1be71223b8\" class=\"uvc-heading ult-adjust-bottom-margin ultimate-heading-429969d1be71223b8 uvc-5627 accent-subtitle-color\" data-hspacer=\"no_spacer\"  data-halign=\"center\" style=\"text-align:center\"><div class=\"uvc-heading-spacer no_spacer\" style=\"top\"><\/div><div class=\"uvc-main-heading ult-responsive\"  data-ultimate-target='.uvc-heading.ultimate-heading-429969d1be71223b8 h2'  data-responsive-json-new='{\"font-size\":\"desktop:70px;tablet:50px;tablet_portrait:40px;mobile_landscape:28px;\",\"line-height\":\"desktop:80px;tablet:60px;tablet_portrait:50px;mobile_landscape:38px;\"}' ><h2 style=\"font-weight:bold;color:#ffffff;margin-bottom:30px;\">SIMILAN ISLANDS<\/h2><\/div><\/div>[\/vc_column][\/vc_row][vc_row][vc_column]<div id=\"ultimate-heading-833669d1be712243a\" class=\"uvc-heading ult-adjust-bottom-margin ultimate-heading-833669d1be712243a uvc-1073 \" data-hspacer=\"no_spacer\"  data-halign=\"center\" style=\"text-align:center\"><div class=\"uvc-heading-spacer no_spacer\" style=\"top\"><\/div><div class=\"uvc-main-heading ult-responsive\"  data-ultimate-target='.uvc-heading.ultimate-heading-833669d1be712243a h2'  data-responsive-json-new='{\"font-size\":\"\",\"line-height\":\"\"}' ><h2 style=\"font-weight:normal;\">SIMILAN TOUR<\/h2><\/div><\/div>[vc_column_text]<\/p>\n<h4>Las islas Similan se encuentran entre los parques nacionales marinos m\u00e1s famosos de Tailandia y constan de 11 islas, de las cuales solo 8 est\u00e1n abiertas al turismo. Puede relajarse en las playas de arena blanca o admirar el fondo del mar en busca de tortugas marinas nadando en esas aguas. El Parque Nacional est\u00e1 abierto solo durante seis meses al a\u00f1o, desde mediados de octubre hasta mediados de junio debido a los monzones y la distancia de las islas desde la costa de Khao Lak.<br \/>\nLa excursi\u00f3n que sale desde Krabi se desarrolla con el traslado gratuito en Minivan desde su hotel a las 6:00 a.m. a Khao Lak, donde le espera un desayuno de bienvenida. Poco despu\u00e9s de embarcarse en el Speed Boat, el Similan Tour lo llevar\u00e1 a visitar algunas de las islas m\u00e1s bellas de todo el Parque Nacional Marino: la primera parada de la Isla Miang (Koh n.4) fant\u00e1stica isla salvaje apta para bucear y caminar en la playa de arena blanca , donde puedes relajarte y divertirte.<br \/>\nDespu\u00e9s de la visita a Koh Miang, se servir\u00e1 el almuerzo: un gran buffet de comida tailandesa con arroz, pollo, verduras, fruta fresca y agua. La excursi\u00f3n contin\u00faa con visitas a la isla de Payu (Koh 7) y la isla de Ba-Ngu (Koh 9) otras dos islas donde puede pasar el tiempo buceando.<br \/>\nLa \u00faltima parada es la isla de Similan, la m\u00e1s famosa de todo el Parque Nacional, donde, adem\u00e1s del Snorkel normal, se puede caminar hasta el mirador que domina toda la playa y hacer algunas fotograf\u00edas geniales.<\/h4>\n<p>[\/vc_column_text][\/vc_column][\/vc_row][vc_row][vc_column width=\u00bb1\/2&#8243;]<div class=\"standard-arrow list-divider bullet-top\"><p>1 D\u00cdA DE EXCURSI\u00d3N<\/p>\n<ul>\n<li>\n<h5><strong>06.00\u00a0<\/strong>Traslado desde su hotel en Krabi y Phuket<\/h5>\n<\/li>\n<li>\n<h5><strong>09.00\u00a0<\/strong>Salida en lancha a las islas Similan.<\/h5>\n<\/li>\n<li>\n<h5><strong>10.30\u00a0<\/strong>Miang Island &#8211; (Kho No. 4) Parada en Miang\u00a0Isla para bucear y relajarse Admire el tel\u00f3n de fondo\u00a0marino en busca de tortugas y otras especies\u00a0que puebla el \u00e1rea.<\/h5>\n<\/li>\n<li>\n<h5><strong>11.30\u00a0<\/strong>Almuerzo buffet tailand\u00e9s con arroz, verduras y pollo.<\/h5>\n<\/li>\n<li>\n<h5><strong>12.00<\/strong>\u00a0\u00a0Payu Island &#8211; visita la isla de Payu (Koh 7).\u00a0Parada para bucear y disfrutar de la playa\u00a0arena blanca, caracter\u00edstica de las islas Similan.<\/h5>\n<\/li>\n<li>\n<h5><strong>13:00\u00a0<\/strong>Ba-Ngu &#8211; Parada en la isla de Ba-Ngu (Koh 9)\u00a0donde hay un poco de Relax en la playa.<\/h5>\n<\/li>\n<li>\n<h5><strong>14.00\u00a0<\/strong>Isla Similan (Koh 8), la isla Similan es la m\u00e1s\u00a0conocido del Archipi\u00e9lago vale la pena\u00a0bucear para descubrir el fondo marino y el<br \/>\nfauna local, recomend\u00f3 el paseo a la\u00a0Punto de vista para fotografiar la playa de arena\u00a0Bianca, as\u00ed como un poco de relajaci\u00f3n en la orilla del agua<br \/>\nmecido por las olas del mar.<\/h5>\n<\/li>\n<li>\n<h5><strong>15.00\u00a0<\/strong>Salida de Similan y traslado al hotel.<\/h5>\n<\/li>\n<\/ul>\n<\/div>[\/vc_column][vc_column width=\u00bb1\/2&#8243;][vc_row_inner][vc_column_inner width=\u00bb1\/2&#8243;]<div class=\"shortcode-single-image-wrap alignnone  vc_custom_1525115742683\" ><div class=\"shortcode-single-image\"><div class=\"fancy-media-wrap\" style=\"\"><img decoding=\"async\" class=\"preload-me\" src=\"http:\/\/krabiviptour.com\/wp-content\/uploads\/2018\/04\/similan-islands-2-1-500x500.jpg\" srcset=\"http:\/\/krabiviptour.com\/wp-content\/uploads\/2018\/04\/similan-islands-2-1-500x500.jpg 500w, http:\/\/krabiviptour.com\/wp-content\/uploads\/2018\/04\/similan-islands-2-1-600x600.jpg 600w\" sizes=\"500px\" width=\"500\" height=\"500\"  data-dt-location=\"http:\/\/krabiviptour.com\/es\/similan-tour\/similan-islands-2-3\/\" style=\"\" alt=\"\" \/><\/div><\/div><\/div><div class=\"shortcode-single-image-wrap alignleft  vc_custom_1525115871581\" ><div class=\"shortcode-single-image\"><div class=\"fancy-media-wrap\" style=\"\"><img decoding=\"async\" class=\"preload-me\" src=\"http:\/\/krabiviptour.com\/wp-content\/uploads\/2018\/04\/similan-islands-3-500x500.jpg\" srcset=\"http:\/\/krabiviptour.com\/wp-content\/uploads\/2018\/04\/similan-islands-3-500x500.jpg 500w, http:\/\/krabiviptour.com\/wp-content\/uploads\/2018\/04\/similan-islands-3-600x600.jpg 600w\" sizes=\"500px\" width=\"500\" height=\"500\"  data-dt-location=\"http:\/\/krabiviptour.com\/es\/similan-tour\/similan-islands-3\/\" style=\"\" alt=\"\" \/><\/div><\/div><\/div>[\/vc_column_inner][vc_column_inner width=\u00bb1\/2&#8243;]<div class=\"shortcode-single-image-wrap alignleft  vc_custom_1525115884958\" ><div class=\"shortcode-single-image\"><div class=\"fancy-media-wrap\" style=\"\"><img decoding=\"async\" class=\"preload-me\" src=\"http:\/\/krabiviptour.com\/wp-content\/uploads\/2018\/04\/similan-islands-4-500x500.jpg\" srcset=\"http:\/\/krabiviptour.com\/wp-content\/uploads\/2018\/04\/similan-islands-4-500x500.jpg 500w, http:\/\/krabiviptour.com\/wp-content\/uploads\/2018\/04\/similan-islands-4-600x600.jpg 600w\" sizes=\"500px\" width=\"500\" height=\"500\"  data-dt-location=\"http:\/\/krabiviptour.com\/es\/similan-tour\/similan-islands-4\/\" style=\"\" alt=\"\" \/><\/div><\/div><\/div><div class=\"shortcode-single-image-wrap alignnone  vc_custom_1525115783391\" ><div class=\"shortcode-single-image\"><div class=\"fancy-media-wrap\" style=\"\"><img decoding=\"async\" class=\"preload-me\" src=\"http:\/\/krabiviptour.com\/wp-content\/uploads\/2018\/04\/similan-islands-1-1-500x500.jpg\" srcset=\"http:\/\/krabiviptour.com\/wp-content\/uploads\/2018\/04\/similan-islands-1-1-500x500.jpg 500w, http:\/\/krabiviptour.com\/wp-content\/uploads\/2018\/04\/similan-islands-1-1-600x600.jpg 600w\" sizes=\"500px\" width=\"500\" height=\"500\"  data-dt-location=\"http:\/\/krabiviptour.com\/es\/similan-tour\/similan-islands-1\/\" style=\"\" alt=\"Similan Island 2 giorni\" \/><\/div><\/div><\/div>[\/vc_column_inner][\/vc_row_inner][\/vc_column][\/vc_row][vc_row full_width=\u00bbstretch_row\u00bb][vc_column][vc_single_image image=\u00bb1999&#8243; img_size=\u00bbfull\u00bb alignment=\u00bbcenter\u00bb image_hovers=\u00bbfalse\u00bb][\/vc_column][\/vc_row][vc_row][vc_column][vc_text_separator title=\u00bbINFORMACI\u00d3N GENERAL EN EL TOUR\u00bb color=\u00bbturquoise\u00bb]<div class=\"standard-arrow\"><p>El tour incluye:<\/p>\n<ul>\n<li>\n<h5>Traslado desde\/hacia el hotel.<\/h5>\n<\/li>\n<li>\n<h5>Seguro de accidentes (1.000.000 THB)<\/h5>\n<\/li>\n<li>\n<h5>Gu\u00eda de idioma ingl\u00e9s.<\/h5>\n<\/li>\n<li>\n<h5>M\u00e1scara\/chaleco salvavidas.<\/h5>\n<\/li>\n<li>\n<h5>Almuerzo buffet &#8211; Fruta y agua &#8211; Refresco.<\/h5>\n<\/li>\n<li>\n<h5>Boleto del Parque Nacional.<\/h5>\n<\/li>\n<\/ul>\n<\/div>[vc_column_text]<\/p>\n<h5 style=\"text-align: center;\">TE RECORDAMOS QUE RESERVAMOS EL DERECHO DE VARIAR LOS PROGRAMAS DE RECORRIDO SEG\u00daN LAS CONDICIONES DEL TIEMPO.<br \/>\nEL TOUR NO ES ADECUADO PARA MUJERES EN CONDICIONES AVANZADAS DE EMBARAZO.<\/h5>\n<p>[\/vc_column_text][vc_row_inner][vc_column_inner width=\u00bb1\/3&#8243;][\/vc_column_inner][vc_column_inner width=\u00bb1\/3&#8243;]<div class=\"aio-icon-component    style_2\"><a class=\"aio-icon-box-link\" href=\"http:\/\/krabiviptour.com\/SIMILAN\/1\/SIMILAN_SPA.pdf\" target=\"_blank\" rel=\"noopener\" ><div id=\"Info-box-wrap-8259\" class=\"aio-icon-box default-icon\" style=\"\"  ><div class=\"aio-icon-default\"><div class=\"ult-just-icon-wrapper  \"><div class=\"align-icon\" style=\"text-align:center;\">\n<div class=\"aio-icon-img \" style=\"font-size:100px;display:inline-block;\" >\n\t<img decoding=\"async\" class=\"img-icon\" alt=\"null\" src=\"http:\/\/krabiviptour.com\/wp-content\/uploads\/2018\/05\/icona-pdf1.png\"\/>\n<\/div><\/div><\/div><\/div><div class=\"aio-icon-header\" ><h3 class=\"aio-icon-title ult-responsive\"  data-ultimate-target='#Info-box-wrap-8259 .aio-icon-title'  data-responsive-json-new='{\"font-size\":\"\",\"line-height\":\"\"}'  style=\"\">Descargue el programa en PDF<\/h3><\/div> <!-- header --><\/div> <!-- aio-icon-box --><\/a><\/div> <!-- aio-icon-component -->[\/vc_column_inner][vc_column_inner width=\u00bb1\/3&#8243;][\/vc_column_inner][\/vc_row_inner][\/vc_column][\/vc_row][vc_row][vc_column][vc_masonry_media_grid element_width=\u00bb3&#8243; grid_id=\u00bbvc_gid:1538486621433-ca5727cd-eb2f-10&#8243; include=\u00bb1857,1854,1853,1852,2584,2580,2576,2572&#8243;][\/vc_column][\/vc_row][vc_row bg_type=\u00bbimage\u00bb parallax_style=\u00bbvcpb-default\u00bb bg_image_new=\u00bbid^628|url^http:\/\/krabiviptour.com\/wp-content\/uploads\/2016\/02\/tr-005.jpg|caption^null|alt^null|title^tr-005|description^null\u00bb bg_image_repeat=\u00bbno-repeat\u00bb bg_img_attach=\u00bbfixed\u00bb bg_override=\u00bbex-full\u00bb enable_overlay=\u00bbenable_overlay_value\u00bb overlay_color=\u00bbrgba(0,0,0,0.75)\u00bb type=\u00bbvc_default\u00bb css=\u00bb.vc_custom_1492767181347{padding-top: 90px !important;padding-bottom: 40px !important;}\u00bb][vc_column width=\u00bb1\/2&#8243; css=\u00bb.vc_custom_1492766890667{padding-bottom: 50px !important;}\u00bb]<div id=\"ultimate-heading-699169d1be71258d9\" class=\"uvc-heading ult-adjust-bottom-margin ultimate-heading-699169d1be71258d9 uvc-1293 accent-subtitle-color\" data-hspacer=\"no_spacer\"  data-halign=\"left\" style=\"text-align:left\"><div class=\"uvc-heading-spacer no_spacer\" style=\"top\"><\/div><div class=\"uvc-main-heading ult-responsive\"  data-ultimate-target='.uvc-heading.ultimate-heading-699169d1be71258d9 h2'  data-responsive-json-new='{\"font-size\":\"desktop:36px;\",\"line-height\":\"desktop:46px;\"}' ><h2 style=\"font-weight:bold;color:#ffffff;margin-bottom:10px;\">RESERVA TU TOUR AHORA<\/h2><\/div><div class=\"uvc-sub-heading ult-responsive\"  data-ultimate-target='.uvc-heading.ultimate-heading-699169d1be71258d9 .uvc-sub-heading '  data-responsive-json-new='{\"font-size\":\"desktop:22px;\",\"line-height\":\"desktop:32px;\"}'  style=\"font-family:&#039;Roboto Slab&#039;;font-weight:700;margin-bottom:25px;\">Nuestros tours son limitados y se recomienda reservar con anticipaci\u00f3n, \u00a1no espere hasta el \u00faltimo momento!<\/div><\/div>[vc_column_text css=\u00bb.vc_custom_1525119775555{padding-bottom: 50px !important;}\u00bb]<span style=\"color: #ffffff;\">Cont\u00e1ctenos ahora y solicite informaci\u00f3n sobre nuestros servicios y programas: nuestro soporte multiling\u00fce responder\u00e1 en 24h. Krabi Vip Tour queda a su disposici\u00f3n para presupuestos, ofertas y excursiones personalizadas para familias o grupos.<br \/>\n<\/span>[\/vc_column_text]<div id=\"ultimate-heading-752369d1be712595e\" class=\"uvc-heading ult-adjust-bottom-margin ultimate-heading-752369d1be712595e uvc-9976 accent-title-color\" data-hspacer=\"no_spacer\"  data-halign=\"left\" style=\"text-align:left\"><div class=\"uvc-heading-spacer no_spacer\" style=\"top\"><\/div><div class=\"uvc-main-heading ult-responsive\"  data-ultimate-target='.uvc-heading.ultimate-heading-752369d1be712595e h2'  data-responsive-json-new='{\"font-size\":\"desktop:22px;\",\"line-height\":\"desktop:32px;\"}' ><h2 style=\"font-weight:bold;color:#ffffff;margin-bottom:25px;\">\u00bfTienes alguna pregunta?<\/h2><\/div><\/div><div class=\"aio-icon-component  vc_custom_1524697365339  dt-phone style_2\"><div id=\"Info-box-wrap-2247\" class=\"aio-icon-box default-icon\" style=\"\"  ><div class=\"aio-icon-default\"><div class=\"ult-just-icon-wrapper  \"><div class=\"align-icon\" style=\"text-align:center;\">\n<div class=\"aio-icon none \"  style=\"color:#00c7dd;font-size:30px;display:inline-block;\">\n\t<i class=\"Defaults-phone\"><\/i>\n<\/div><\/div><\/div><\/div><div class=\"aio-icon-header\" ><h3 class=\"aio-icon-title ult-responsive\"  data-ultimate-target='#Info-box-wrap-2247 .aio-icon-title'  data-responsive-json-new='{\"font-size\":\"desktop:24px;\",\"line-height\":\"desktop:24px;\"}'  style=\"font-family:&#039;Open Sans&#039;;font-weight:700;color:#ffffff;\">+66 95-024-7444<\/h3><\/div> <!-- header --><\/div> <!-- aio-icon-box --><\/div> <!-- aio-icon-component --><div class=\"aio-icon-component  vc_custom_1524697409134   style_2\"><div id=\"Info-box-wrap-6199\" class=\"aio-icon-box default-icon\" style=\"\"  ><div class=\"aio-icon-default\"><div class=\"ult-just-icon-wrapper  \"><div class=\"align-icon\" style=\"text-align:center;\">\n<div class=\"aio-icon none \"  style=\"color:#00c7dd;font-size:30px;display:inline-block;\">\n\t<i class=\"Defaults-at\"><\/i>\n<\/div><\/div><\/div><\/div><div class=\"aio-icon-header\" ><a class=\"aio-icon-box-link\" href=\"mailto:info@krabiviptour.com\" target=\"_blank\" rel=\"noopener\" ><h3 class=\"aio-icon-title ult-responsive\"  data-ultimate-target='#Info-box-wrap-6199 .aio-icon-title'  data-responsive-json-new='{\"font-size\":\"desktop:18px;\",\"line-height\":\"desktop:24px;\"}'  style=\"font-family:&#039;Open Sans&#039;;font-weight:700;color:#ffffff;\">info@krabiviptour.com<\/h3><\/a><\/div> <!-- header --><\/div> <!-- aio-icon-box --><\/div> <!-- aio-icon-component --><div class=\"aio-icon-component  vc_custom_1524697440354   style_2\"><div id=\"Info-box-wrap-6926\" class=\"aio-icon-box default-icon\" style=\"\"  ><div class=\"aio-icon-default\"><div class=\"ult-just-icon-wrapper  \"><div class=\"align-icon\" style=\"text-align:center;\">\n<div class=\"aio-icon none \"  style=\"color:#00c7dd;font-size:30px;display:inline-block;\">\n\t<i class=\"Defaults-facebook facebook-f\"><\/i>\n<\/div><\/div><\/div><\/div><div class=\"aio-icon-header\" ><a class=\"aio-icon-box-link\" href=\"https:\/\/www.facebook.com\/krabiviptour\/\" target=\"_blank\" rel=\"noopener\" ><h3 class=\"aio-icon-title ult-responsive\"  data-ultimate-target='#Info-box-wrap-6926 .aio-icon-title'  data-responsive-json-new='{\"font-size\":\"desktop:18px;\",\"line-height\":\"desktop:24px;\"}'  style=\"font-family:&#039;Open Sans&#039;;font-weight:700;color:#ffffff;\">https:\/\/www.facebook.com\/krabiviptour<\/h3><\/a><\/div> <!-- header --><\/div> <!-- aio-icon-box --><\/div> <!-- aio-icon-component --><div class=\"aio-icon-component  vc_custom_1524697486142   style_2\"><div id=\"Info-box-wrap-3938\" class=\"aio-icon-box default-icon\" style=\"\"  ><div class=\"aio-icon-default\"><div class=\"ult-just-icon-wrapper  \"><div class=\"align-icon\" style=\"text-align:center;\">\n<div class=\"aio-icon none \"  style=\"color:#00c7dd;font-size:30px;display:inline-block;\">\n\t<i class=\"Defaults-instagram\"><\/i>\n<\/div><\/div><\/div><\/div><div class=\"aio-icon-header\" ><h3 class=\"aio-icon-title ult-responsive\"  data-ultimate-target='#Info-box-wrap-3938 .aio-icon-title'  data-responsive-json-new='{\"font-size\":\"desktop:18px;\",\"line-height\":\"desktop:24px;\"}'  style=\"font-family:&#039;Open Sans&#039;;font-weight:700;color:#ffffff;\">#krabivip<\/h3><\/div> <!-- header --><\/div> <!-- aio-icon-box --><\/div> <!-- aio-icon-component -->[\/vc_column][vc_column width=\u00bb1\/2&#8243; css=\u00bb.vc_custom_1492766752090{padding-bottom: 50px !important;}\u00bb][vc_column_text][si-contact-form form=&#8217;3&#8242;][\/vc_column_text][\/vc_column][\/vc_row]<\/p>\n","protected":false},"excerpt":{"rendered":"<p>[vc_row disable_element=\u00bbyes\u00bb bg_type=\u00bbimage\u00bb parallax_style=\u00bbvcpb-vz-jquery\u00bb bg_image_new=\u00bbid^1855|url^http:\/\/krabiviptour.com\/wp-content\/uploads\/2018\/04\/7.jpg|caption^Krabi Vip Tour &#8211; escursioni alle isole di Krabi &#8211; tour isole della Thailandia Similan Islands |alt^Similan Islands|title^Similan Islands|description^null\u00bb bg_image_repeat=\u00bbno-repeat\u00bb bg_img_attach=\u00bbfixed\u00bb bg_override=\u00bbex-full\u00bb enable_overlay=\u00bbenable_overlay_value\u00bb overlay_color=\u00bbrgba(0,0,0,0.11)\u00bb type=\u00bbvc_default\u00bb css=\u00bb.vc_custom_1524696445315{padding-top: 6% !important;padding-bottom: 6% !important;}\u00bb][vc_column css=\u00bb.vc_custom_1492694838569{padding-top: 6% !important;padding-bottom: 6% !important;}\u00bb offset=\u00bbvc_col-lg-offset-2 vc_col-lg-8 vc_col-md-offset-1 vc_col-md-10 vc_col-sm-offset-0&#8243;][\/vc_column][\/vc_row][vc_row][vc_column][vc_column_text] Las islas Similan se encuentran entre los parques nacionales marinos m\u00e1s&hellip;<\/p>\n","protected":false},"author":2,"featured_media":0,"parent":0,"menu_order":40,"comment_status":"closed","ping_status":"closed","template":"","meta":{"_monsterinsights_skip_tracking":false,"_monsterinsights_sitenote_active":false,"_monsterinsights_sitenote_note":"","_monsterinsights_sitenote_category":0},"class_list":["post-2604","page","type-page","status-publish","hentry","description-off"],"yoast_head":"<!-- This site is optimized with the Yoast SEO Premium plugin v27.2 (Yoast SEO v27.2) - https:\/\/yoast.com\/product\/yoast-seo-premium-wordpress\/ -->\n<title>Similan Tour - Krabi Vip Tour - Viaje en lancha r\u00e1pida<\/title>\n<meta name=\"description\" content=\"Paseo en lancha para explorar el Parque Nacional de las Islas Similan, famoso por su mar cristalino con tortugas marinas.\" \/>\n<meta name=\"robots\" content=\"index, follow, max-snippet:-1, max-image-preview:large, max-video-preview:-1\" \/>\n<link rel=\"canonical\" href=\"http:\/\/krabiviptour.com\/es\/similan-islands\/\" \/>\n<meta property=\"og:locale\" content=\"es_ES\" \/>\n<meta property=\"og:type\" content=\"article\" \/>\n<meta property=\"og:title\" content=\"SIMILAN TOUR - Viaje en lancha r\u00e1pida\" \/>\n<meta property=\"og:description\" content=\"Paseo en lancha para explorar el Parque Nacional de las Islas Similan, famoso por su mar cristalino con tortugas marinas\" \/>\n<meta property=\"og:url\" content=\"http:\/\/krabiviptour.com\/es\/similan-islands\/\" \/>\n<meta property=\"og:site_name\" content=\"Krabi Vip Tour\" \/>\n<meta property=\"article:modified_time\" content=\"2018-10-02T13:23:56+00:00\" \/>\n<meta property=\"og:image\" content=\"http:\/\/krabiviptour.com\/wp-content\/uploads\/2018\/05\/similan_2-days_800x533_5.jpg\" \/>\n\t<meta property=\"og:image:width\" content=\"800\" \/>\n\t<meta property=\"og:image:height\" content=\"533\" \/>\n\t<meta property=\"og:image:type\" content=\"image\/jpeg\" \/>\n<meta name=\"twitter:card\" content=\"summary_large_image\" \/>\n<meta name=\"twitter:title\" content=\"Similan Tour\" \/>\n<meta name=\"twitter:label1\" content=\"Tiempo de lectura\" \/>\n\t<meta name=\"twitter:data1\" content=\"8 minutos\" \/>\n<script type=\"application\/ld+json\" class=\"yoast-schema-graph\">{\"@context\":\"https:\/\/schema.org\",\"@graph\":[{\"@type\":\"WebPage\",\"@id\":\"http:\/\/krabiviptour.com\/es\/similan-islands\/\",\"url\":\"http:\/\/krabiviptour.com\/es\/similan-islands\/\",\"name\":\"Similan Tour - Krabi Vip Tour - Viaje en lancha r\u00e1pida\",\"isPartOf\":{\"@id\":\"https:\/\/krabiviptour.com\/it\/#website\"},\"datePublished\":\"2018-04-30T20:23:18+00:00\",\"dateModified\":\"2018-10-02T13:23:56+00:00\",\"description\":\"Paseo en lancha para explorar el Parque Nacional de las Islas Similan, famoso por su mar cristalino con tortugas marinas.\",\"breadcrumb\":{\"@id\":\"http:\/\/krabiviptour.com\/es\/similan-islands\/#breadcrumb\"},\"inLanguage\":\"es\",\"potentialAction\":[{\"@type\":\"ReadAction\",\"target\":[\"http:\/\/krabiviptour.com\/es\/similan-islands\/\"]}]},{\"@type\":\"BreadcrumbList\",\"@id\":\"http:\/\/krabiviptour.com\/es\/similan-islands\/#breadcrumb\",\"itemListElement\":[{\"@type\":\"ListItem\",\"position\":1,\"name\":\"Home\",\"item\":\"http:\/\/krabiviptour.com\/es\/\"},{\"@type\":\"ListItem\",\"position\":2,\"name\":\"Similan Tour\"}]},{\"@type\":\"WebSite\",\"@id\":\"https:\/\/krabiviptour.com\/it\/#website\",\"url\":\"https:\/\/krabiviptour.com\/it\/\",\"name\":\"Krabi Vip Tour\",\"description\":\"The best Tours in Thailand\",\"publisher\":{\"@id\":\"https:\/\/krabiviptour.com\/it\/#organization\"},\"potentialAction\":[{\"@type\":\"SearchAction\",\"target\":{\"@type\":\"EntryPoint\",\"urlTemplate\":\"https:\/\/krabiviptour.com\/it\/?s={search_term_string}\"},\"query-input\":{\"@type\":\"PropertyValueSpecification\",\"valueRequired\":true,\"valueName\":\"search_term_string\"}}],\"inLanguage\":\"es\"},{\"@type\":\"Organization\",\"@id\":\"https:\/\/krabiviptour.com\/it\/#organization\",\"name\":\"Krabi VIP Tour\",\"url\":\"https:\/\/krabiviptour.com\/it\/\",\"logo\":{\"@type\":\"ImageObject\",\"inLanguage\":\"es\",\"@id\":\"https:\/\/krabiviptour.com\/it\/#\/schema\/logo\/image\/\",\"url\":\"http:\/\/krabiviptour.com\/wp-content\/uploads\/2022\/07\/Visiting-Railay-Beach-Krabi.jpg\",\"contentUrl\":\"http:\/\/krabiviptour.com\/wp-content\/uploads\/2022\/07\/Visiting-Railay-Beach-Krabi.jpg\",\"width\":1829,\"height\":1220,\"caption\":\"Krabi VIP Tour\"},\"image\":{\"@id\":\"https:\/\/krabiviptour.com\/it\/#\/schema\/logo\/image\/\"}}]}<\/script>\n<!-- \/ Yoast SEO Premium plugin. -->","yoast_head_json":{"title":"Similan Tour - Krabi Vip Tour - Viaje en lancha r\u00e1pida","description":"Paseo en lancha para explorar el Parque Nacional de las Islas Similan, famoso por su mar cristalino con tortugas marinas.","robots":{"index":"index","follow":"follow","max-snippet":"max-snippet:-1","max-image-preview":"max-image-preview:large","max-video-preview":"max-video-preview:-1"},"canonical":"http:\/\/krabiviptour.com\/es\/similan-islands\/","og_locale":"es_ES","og_type":"article","og_title":"SIMILAN TOUR - Viaje en lancha r\u00e1pida","og_description":"Paseo en lancha para explorar el Parque Nacional de las Islas Similan, famoso por su mar cristalino con tortugas marinas","og_url":"http:\/\/krabiviptour.com\/es\/similan-islands\/","og_site_name":"Krabi Vip Tour","article_modified_time":"2018-10-02T13:23:56+00:00","og_image":[{"width":800,"height":533,"url":"http:\/\/krabiviptour.com\/wp-content\/uploads\/2018\/05\/similan_2-days_800x533_5.jpg","type":"image\/jpeg"}],"twitter_card":"summary_large_image","twitter_title":"Similan Tour","twitter_misc":{"Tiempo de lectura":"8 minutos"},"schema":{"@context":"https:\/\/schema.org","@graph":[{"@type":"WebPage","@id":"http:\/\/krabiviptour.com\/es\/similan-islands\/","url":"http:\/\/krabiviptour.com\/es\/similan-islands\/","name":"Similan Tour - Krabi Vip Tour - Viaje en lancha r\u00e1pida","isPartOf":{"@id":"https:\/\/krabiviptour.com\/it\/#website"},"datePublished":"2018-04-30T20:23:18+00:00","dateModified":"2018-10-02T13:23:56+00:00","description":"Paseo en lancha para explorar el Parque Nacional de las Islas Similan, famoso por su mar cristalino con tortugas marinas.","breadcrumb":{"@id":"http:\/\/krabiviptour.com\/es\/similan-islands\/#breadcrumb"},"inLanguage":"es","potentialAction":[{"@type":"ReadAction","target":["http:\/\/krabiviptour.com\/es\/similan-islands\/"]}]},{"@type":"BreadcrumbList","@id":"http:\/\/krabiviptour.com\/es\/similan-islands\/#breadcrumb","itemListElement":[{"@type":"ListItem","position":1,"name":"Home","item":"http:\/\/krabiviptour.com\/es\/"},{"@type":"ListItem","position":2,"name":"Similan Tour"}]},{"@type":"WebSite","@id":"https:\/\/krabiviptour.com\/it\/#website","url":"https:\/\/krabiviptour.com\/it\/","name":"Krabi Vip Tour","description":"The best Tours in Thailand","publisher":{"@id":"https:\/\/krabiviptour.com\/it\/#organization"},"potentialAction":[{"@type":"SearchAction","target":{"@type":"EntryPoint","urlTemplate":"https:\/\/krabiviptour.com\/it\/?s={search_term_string}"},"query-input":{"@type":"PropertyValueSpecification","valueRequired":true,"valueName":"search_term_string"}}],"inLanguage":"es"},{"@type":"Organization","@id":"https:\/\/krabiviptour.com\/it\/#organization","name":"Krabi VIP Tour","url":"https:\/\/krabiviptour.com\/it\/","logo":{"@type":"ImageObject","inLanguage":"es","@id":"https:\/\/krabiviptour.com\/it\/#\/schema\/logo\/image\/","url":"http:\/\/krabiviptour.com\/wp-content\/uploads\/2022\/07\/Visiting-Railay-Beach-Krabi.jpg","contentUrl":"http:\/\/krabiviptour.com\/wp-content\/uploads\/2022\/07\/Visiting-Railay-Beach-Krabi.jpg","width":1829,"height":1220,"caption":"Krabi VIP Tour"},"image":{"@id":"https:\/\/krabiviptour.com\/it\/#\/schema\/logo\/image\/"}}]}},"jetpack_sharing_enabled":true,"_links":{"self":[{"href":"http:\/\/krabiviptour.com\/es\/wp-json\/wp\/v2\/pages\/2604","targetHints":{"allow":["GET"]}}],"collection":[{"href":"http:\/\/krabiviptour.com\/es\/wp-json\/wp\/v2\/pages"}],"about":[{"href":"http:\/\/krabiviptour.com\/es\/wp-json\/wp\/v2\/types\/page"}],"author":[{"embeddable":true,"href":"http:\/\/krabiviptour.com\/es\/wp-json\/wp\/v2\/users\/2"}],"replies":[{"embeddable":true,"href":"http:\/\/krabiviptour.com\/es\/wp-json\/wp\/v2\/comments?post=2604"}],"version-history":[{"count":6,"href":"http:\/\/krabiviptour.com\/es\/wp-json\/wp\/v2\/pages\/2604\/revisions"}],"predecessor-version":[{"id":4190,"href":"http:\/\/krabiviptour.com\/es\/wp-json\/wp\/v2\/pages\/2604\/revisions\/4190"}],"wp:attachment":[{"href":"http:\/\/krabiviptour.com\/es\/wp-json\/wp\/v2\/media?parent=2604"}],"curies":[{"name":"wp","href":"https:\/\/api.w.org\/{rel}","templated":true}]}}